 {"id":3933,"date":"2021-02-24T10:09:47","date_gmt":"2021-02-24T09:09:47","guid":{"rendered":"https:\/\/sola.kau.se\/?page_id=3933"},"modified":"2021-09-10T08:22:41","modified_gmt":"2021-09-10T06:22:41","slug":"valkommen-till-sola-kau","status":"publish","type":"page","link":"https:\/\/sola.kau.se\/sv\/","title":{"rendered":"V\u00e4lkommen till Sola @ KAU!"},"content":{"rendered":"\n<p>Universitetpedagogiska enheten (UPE) p\u00e5 Karlstads universitet (KAU) h\u00e4lsar dig v\u00e4lkommen till Sola @ KAU. <\/p>\n\n\n\n<p>Sola @ KAU erbjuder studenter och anst\u00e4llda m\u00f6jligheten att skapa en digital n\u00e4rvaro baserad p\u00e5 det m\u00e5ngsidiga verktyget WordPress. Alla anv\u00e4ndare har m\u00f6jlighet att skapa och administrera sin egen webbplats och \u00e4ven ta med sig sitt material n\u00e4r man l\u00e4mnar KAU.<br><\/p>\n","protected":false},"excerpt":{"rendered":"<p>Universitetpedagogiska enheten (UPE) p\u00e5 Karlstads universitet (KAU) h\u00e4lsar dig v\u00e4lkommen till Sola @ KAU. Sola @ KAU erbjuder studenter och anst\u00e4llda m\u00f6jligheten att skapa en digital n\u00e4rvaro baserad p\u00e5 det m\u00e5ngsidiga verktyget WordPress. Alla anv\u00e4ndare har m\u00f6jlighet att skapa och administrera sin egen webbplats och \u00e4ven ta med sig sitt material n\u00e4r man l\u00e4mnar KAU. [&#8230;]<\/p>\n<p><a class=\"btn btn-secondary understrap-read-more-link\" href=\"https:\/\/sola.kau.se\/sv\/\">L\u00e4s mer \u2026<\/a><\/p>\n","protected":false},"author":48,"featured_media":111,"parent":0,"menu_order":0,"comment_status":"closed","ping_status":"closed","template":"page-templates\/fullwidthpage-home.php","meta":{"_acf_changed":false,"footnotes":""},"class_list":["post-3933","page","type-page","status-publish","has-post-thumbnail","hentry"],"acf":[],"_links":{"self":[{"href":"https:\/\/sola.kau.se\/sv\/wp-json\/wp\/v2\/pages\/3933","targetHints":{"allow":["GET"]}}],"collection":[{"href":"https:\/\/sola.kau.se\/sv\/wp-json\/wp\/v2\/pages"}],"about":[{"href":"https:\/\/sola.kau.se\/sv\/wp-json\/wp\/v2\/types\/page"}],"author":[{"embeddable":true,"href":"https:\/\/sola.kau.se\/sv\/wp-json\/wp\/v2\/users\/48"}],"replies":[{"embeddable":true,"href":"https:\/\/sola.kau.se\/sv\/wp-json\/wp\/v2\/comments?post=3933"}],"version-history":[{"count":5,"href":"https:\/\/sola.kau.se\/sv\/wp-json\/wp\/v2\/pages\/3933\/revisions"}],"predecessor-version":[{"id":4020,"href":"https:\/\/sola.kau.se\/sv\/wp-json\/wp\/v2\/pages\/3933\/revisions\/4020"}],"wp:featuredmedia":[{"embeddable":true,"href":"https:\/\/sola.kau.se\/sv\/wp-json\/wp\/v2\/media\/111"}],"wp:attachment":[{"href":"https:\/\/sola.kau.se\/sv\/wp-json\/wp\/v2\/media?parent=3933"}],"curies":[{"name":"wp","href":"https:\/\/api.w.org\/{rel}","templated":true}]}}