 {"id":4010,"date":"2021-09-09T12:02:05","date_gmt":"2021-09-09T10:02:05","guid":{"rendered":"https:\/\/sola.kau.se\/skapa-din-nya-webbplats\/"},"modified":"2021-09-13T10:21:50","modified_gmt":"2021-09-13T08:21:50","slug":"skapa-din-nya-webbplats","status":"publish","type":"page","link":"https:\/\/sola.kau.se\/sv\/skapa-din-nya-webbplats\/","title":{"rendered":"Skapa din nya webbplats"},"content":{"rendered":"Hoppsan! Du m\u00e5ste vara inloggad f\u00f6r att kunna anv\u00e4nda detta formul\u00e4r.","protected":false},"excerpt":{"rendered":"<p> [&#8230;]<\/p>\n<p><a class=\"btn btn-secondary understrap-read-more-link\" href=\"https:\/\/sola.kau.se\/sv\/skapa-din-nya-webbplats\/\">L\u00e4s mer \u2026<\/a><\/p>\n","protected":false},"author":569,"featured_media":0,"parent":0,"menu_order":0,"comment_status":"closed","ping_status":"closed","template":"page-templates\/fullwidthpage.php","meta":{"_acf_changed":false,"footnotes":""},"class_list":["post-4010","page","type-page","status-publish","hentry"],"acf":[],"_links":{"self":[{"href":"https:\/\/sola.kau.se\/sv\/wp-json\/wp\/v2\/pages\/4010","targetHints":{"allow":["GET"]}}],"collection":[{"href":"https:\/\/sola.kau.se\/sv\/wp-json\/wp\/v2\/pages"}],"about":[{"href":"https:\/\/sola.kau.se\/sv\/wp-json\/wp\/v2\/types\/page"}],"author":[{"embeddable":true,"href":"https:\/\/sola.kau.se\/sv\/wp-json\/wp\/v2\/users\/569"}],"replies":[{"embeddable":true,"href":"https:\/\/sola.kau.se\/sv\/wp-json\/wp\/v2\/comments?post=4010"}],"version-history":[{"count":7,"href":"https:\/\/sola.kau.se\/sv\/wp-json\/wp\/v2\/pages\/4010\/revisions"}],"predecessor-version":[{"id":4019,"href":"https:\/\/sola.kau.se\/sv\/wp-json\/wp\/v2\/pages\/4010\/revisions\/4019"}],"wp:attachment":[{"href":"https:\/\/sola.kau.se\/sv\/wp-json\/wp\/v2\/media?parent=4010"}],"curies":[{"name":"wp","href":"https:\/\/api.w.org\/{rel}","templated":true}]}}