 {"id":127,"date":"2020-09-17T14:57:23","date_gmt":"2020-09-17T14:57:23","guid":{"rendered":"https:\/\/sola.kau.se\/sverdkonferensworkshop\/?page_id=127"},"modified":"2020-09-18T06:22:16","modified_gmt":"2020-09-18T06:22:16","slug":"workshop-group-14","status":"publish","type":"page","link":"https:\/\/sola.kau.se\/sverdkonferensworkshop\/workshop\/workshop-group-14\/","title":{"rendered":"Workshop group 14"},"content":{"rendered":"<p>F\u00f6lj dessa anvisningar f\u00f6r er gruppdiskussion.<\/p>\r\n<!-- \/wp:post-content -->\r\n\r\n<!-- wp:paragraph -->\r\n<h3>Uppgift 1 &#8211; WordCloud<\/h3>\r\n<!-- \/wp:paragraph -->\r\n\r\n<!-- wp:paragraph -->\r\n<blockquote>\r\n<p><strong>Skapa en WordCloud<\/strong> tillsammans. Varje gruppmedlem klickar p\u00e5 l\u00e4nken nedan och besvarar fr\u00e5gorna via denna l\u00e4nk: <a class=\"in-cell-link\" href=\"https:\/\/www.menti.com\/c81a3ca9ot\" target=\"_blank\" rel=\"noopener noreferrer\">https:\/\/www.menti.com\/c81a3ca9ot<\/a><\/p>\r\n<\/blockquote>\r\n<p>(Alternativ: g\u00e5 till menti.com och sl\u00e5 in f\u00f6ljande kod: 37 16 01 2)<\/p>\r\n<!-- \/wp:paragraph -->\r\n\r\n<!-- wp:paragraph \/-->\r\n\r\n<!-- wp:paragraph -->\r\n<p>Ni hittar <strong>er gemensamma WordCloud<\/strong> via denna l\u00e4nk: <a class=\"in-cell-link\" href=\"https:\/\/www.mentimeter.com\/s\/363001bb742fd28d22790a9e7c7f7e15\/be4ee7ced231\" target=\"_blank\" rel=\"noopener noreferrer\">https:\/\/www.mentimeter.com\/s\/363001bb742fd28d22790a9e7c7f7e15\/be4ee7ced231<\/a><\/p>\r\n<hr \/>\r\n<h3>Uppgift 2 &#8211; Padlet<\/h3>\r\n<blockquote>\r\n<p>Svara gemensamt p\u00e5 fr\u00e5gorna i padleten.<\/p>\r\n<\/blockquote>\r\n<p>L\u00e4nk till padlet:<\/p>\r\n<p><a href=\"https:\/\/kau.padlet.org\/jorgpareigis2\/m58t19vydhycp8ef\">https:\/\/kau.padlet.org\/jorgpareigis2\/m58t19vydhycp8ef<\/a><\/p>","protected":false},"excerpt":{"rendered":"<p>F\u00f6lj dessa anvisningar f\u00f6r er gruppdiskussion. Uppgift 1 &#8211; WordCloud Skapa en WordCloud tillsammans. Varje gruppmedlem klickar p\u00e5 l\u00e4nken nedan och besvarar fr\u00e5gorna via denna l\u00e4nk: https:\/\/www.menti.com\/c81a3ca9ot (Alternativ: g\u00e5 till menti.com och sl\u00e5 in f\u00f6ljande kod: 37 16 01 2) Ni hittar er gemensamma WordCloud via denna l\u00e4nk: https:\/\/www.mentimeter.com\/s\/363001bb742fd28d22790a9e7c7f7e15\/be4ee7ced231 Uppgift 2 &#8211; Padlet Svara gemensamt [&hellip;]<\/p>\n","protected":false},"author":48,"featured_media":0,"parent":3,"menu_order":0,"comment_status":"closed","ping_status":"closed","template":"","meta":{"footnotes":""},"class_list":["post-127","page","type-page","status-publish","hentry"],"_links":{"self":[{"href":"https:\/\/sola.kau.se\/sverdkonferensworkshop\/wp-json\/wp\/v2\/pages\/127","targetHints":{"allow":["GET"]}}],"collection":[{"href":"https:\/\/sola.kau.se\/sverdkonferensworkshop\/wp-json\/wp\/v2\/pages"}],"about":[{"href":"https:\/\/sola.kau.se\/sverdkonferensworkshop\/wp-json\/wp\/v2\/types\/page"}],"author":[{"embeddable":true,"href":"https:\/\/sola.kau.se\/sverdkonferensworkshop\/wp-json\/wp\/v2\/users\/48"}],"replies":[{"embeddable":true,"href":"https:\/\/sola.kau.se\/sverdkonferensworkshop\/wp-json\/wp\/v2\/comments?post=127"}],"version-history":[{"count":4,"href":"https:\/\/sola.kau.se\/sverdkonferensworkshop\/wp-json\/wp\/v2\/pages\/127\/revisions"}],"predecessor-version":[{"id":209,"href":"https:\/\/sola.kau.se\/sverdkonferensworkshop\/wp-json\/wp\/v2\/pages\/127\/revisions\/209"}],"up":[{"embeddable":true,"href":"https:\/\/sola.kau.se\/sverdkonferensworkshop\/wp-json\/wp\/v2\/pages\/3"}],"wp:attachment":[{"href":"https:\/\/sola.kau.se\/sverdkonferensworkshop\/wp-json\/wp\/v2\/media?parent=127"}],"curies":[{"name":"wp","href":"https:\/\/api.w.org\/{rel}","templated":true}]}}