 {"id":138,"date":"2020-09-17T15:03:30","date_gmt":"2020-09-17T15:03:30","guid":{"rendered":"https:\/\/sola.kau.se\/sverdkonferensworkshop\/?page_id=138"},"modified":"2020-09-18T06:24:51","modified_gmt":"2020-09-18T06:24:51","slug":"workshop-group-17","status":"publish","type":"page","link":"https:\/\/sola.kau.se\/sverdkonferensworkshop\/workshop\/workshop-group-17\/","title":{"rendered":"Workshop group 17"},"content":{"rendered":"<p>F\u00f6lj dessa anvisningar f\u00f6r er gruppdiskussion.<\/p>\r\n<!-- \/wp:post-content -->\r\n\r\n<!-- wp:paragraph -->\r\n<h3>Uppgift 1 &#8211; WordCloud<\/h3>\r\n<!-- \/wp:paragraph -->\r\n\r\n<!-- wp:paragraph -->\r\n<blockquote>\r\n<p><strong>Skapa en WordCloud<\/strong> tillsammans. Varje gruppmedlem klickar p\u00e5 l\u00e4nken nedan och besvarar fr\u00e5gorna via denna l\u00e4nk: <a class=\"in-cell-link\" href=\"https:\/\/www.menti.com\/aqubjinvv7\" target=\"_blank\" rel=\"noopener noreferrer\">https:\/\/www.menti.com\/aqubjinvv7<\/a><\/p>\r\n<\/blockquote>\r\n<!-- \/wp:paragraph -->\r\n\r\n<!-- wp:paragraph \/-->\r\n\r\n<!-- wp:paragraph -->\r\n<p>(Alternativ: g\u00e5 till menti.com och sl\u00e5 in f\u00f6ljande kod: 93 52 88 5)<\/p>\r\n<p>Ni hittar <strong>er gemensamma WordCloud<\/strong> via denna l\u00e4nk: <a class=\"in-cell-link\" href=\"https:\/\/www.mentimeter.com\/s\/cc56337d7e7e28a5a452edaa59743e9d\/d7b02b1bd0d5\" target=\"_blank\" rel=\"noopener noreferrer\">https:\/\/www.mentimeter.com\/s\/cc56337d7e7e28a5a452edaa59743e9d\/d7b02b1bd0d5<\/a><\/p>\r\n<hr \/>\r\n<h3>Uppgift 2 &#8211; Padlet<\/h3>\r\n<blockquote>\r\n<p>Svara gemensamt p\u00e5 fr\u00e5gorna i padleten.<\/p>\r\n<\/blockquote>\r\n<p>L\u00e4nk till padlet:<\/p>\r\n<!-- \/wp:paragraph -->\r\n\r\n<!-- wp:paragraph \/-->\r\n<p><a href=\"https:\/\/kau.padlet.org\/jorgpareigis2\/wp9fyasf1r3uz9dt\">https:\/\/kau.padlet.org\/jorgpareigis2\/wp9fyasf1r3uz9dt<\/a><\/p>","protected":false},"excerpt":{"rendered":"<p>F\u00f6lj dessa anvisningar f\u00f6r er gruppdiskussion. Uppgift 1 &#8211; WordCloud Skapa en WordCloud tillsammans. Varje gruppmedlem klickar p\u00e5 l\u00e4nken nedan och besvarar fr\u00e5gorna via denna l\u00e4nk: https:\/\/www.menti.com\/aqubjinvv7 (Alternativ: g\u00e5 till menti.com och sl\u00e5 in f\u00f6ljande kod: 93 52 88 5) Ni hittar er gemensamma WordCloud via denna l\u00e4nk: https:\/\/www.mentimeter.com\/s\/cc56337d7e7e28a5a452edaa59743e9d\/d7b02b1bd0d5 Uppgift 2 &#8211; Padlet Svara gemensamt [&hellip;]<\/p>\n","protected":false},"author":48,"featured_media":0,"parent":3,"menu_order":0,"comment_status":"closed","ping_status":"closed","template":"","meta":{"footnotes":""},"class_list":["post-138","page","type-page","status-publish","hentry"],"_links":{"self":[{"href":"https:\/\/sola.kau.se\/sverdkonferensworkshop\/wp-json\/wp\/v2\/pages\/138","targetHints":{"allow":["GET"]}}],"collection":[{"href":"https:\/\/sola.kau.se\/sverdkonferensworkshop\/wp-json\/wp\/v2\/pages"}],"about":[{"href":"https:\/\/sola.kau.se\/sverdkonferensworkshop\/wp-json\/wp\/v2\/types\/page"}],"author":[{"embeddable":true,"href":"https:\/\/sola.kau.se\/sverdkonferensworkshop\/wp-json\/wp\/v2\/users\/48"}],"replies":[{"embeddable":true,"href":"https:\/\/sola.kau.se\/sverdkonferensworkshop\/wp-json\/wp\/v2\/comments?post=138"}],"version-history":[{"count":4,"href":"https:\/\/sola.kau.se\/sverdkonferensworkshop\/wp-json\/wp\/v2\/pages\/138\/revisions"}],"predecessor-version":[{"id":212,"href":"https:\/\/sola.kau.se\/sverdkonferensworkshop\/wp-json\/wp\/v2\/pages\/138\/revisions\/212"}],"up":[{"embeddable":true,"href":"https:\/\/sola.kau.se\/sverdkonferensworkshop\/wp-json\/wp\/v2\/pages\/3"}],"wp:attachment":[{"href":"https:\/\/sola.kau.se\/sverdkonferensworkshop\/wp-json\/wp\/v2\/media?parent=138"}],"curies":[{"name":"wp","href":"https:\/\/api.w.org\/{rel}","templated":true}]}}