 {"id":19,"date":"2020-09-17T09:53:11","date_gmt":"2020-09-17T09:53:11","guid":{"rendered":"https:\/\/sola.kau.se\/sverdkonferensworkshop\/?page_id=19"},"modified":"2020-09-18T11:12:15","modified_gmt":"2020-09-18T11:12:15","slug":"sverd-workshop","status":"publish","type":"page","link":"https:\/\/sola.kau.se\/sverdkonferensworkshop\/","title":{"rendered":"Futures of education workshop"},"content":{"rendered":"<h2><strong>Futures of education: Learning to become<br \/>\n<\/strong><\/h2>\n<p>A workshop according to UNESCOs guidelines on <a href=\"https:\/\/en.unesco.org\/futuresofeducation\/\" target=\"_blank\" rel=\"noopener noreferrer\">the Futures of Education<\/a>.\u00a0Watch the <a href=\"https:\/\/en.unesco.org\/futuresofeducation\/\">introductory film<\/a> before the conference begins.<\/p>\n<p><iframe loading=\"lazy\" title=\"UNESCO - Futures of Education: Learning to Become\" width=\"580\" height=\"326\" src=\"https:\/\/www.youtube.com\/embed\/7865y7hbehY?feature=oembed\" frameborder=\"0\" allow=\"accelerometer; autoplay; clipboard-write; encrypted-media; gyroscope; picture-in-picture; web-share\" referrerpolicy=\"strict-origin-when-cross-origin\" allowfullscreen><\/iframe><\/p>\n<h3>Speakers<\/h3>\n<blockquote><p><strong>Ebba Ossiannilsson<br \/>\n<\/strong>Professor, Dr. Oberoende expert, forskare,\u00a0 kvalitetsv\u00e4rderare och utredare, <a href=\"http:\/\/www.sverd.se\">SVERD<\/a>, <a href=\"https:\/\/www.sis.se\">SIS<\/a>, <a href=\"https:\/\/www.iso.org\/home.html\">ISO<\/a>, <a href=\"https:\/\/www.eden-online.org\">EDEN<\/a>, <a href=\"https:\/\/www.icde.org\">ICDE<\/a><\/p>\n<p><strong><br \/>\nUlf Sandstr\u00f6m<\/strong><br \/>\nDistansutbildare och utvecklare. <a href=\"http:\/\/www.sverd.se\">SVERD<\/a><\/p>\n<p><strong><br \/>\nJ\u00f6rg Pareigis<br \/>\n<\/strong>Chef f\u00f6r universitetspedagogiska enheten, <a href=\"https:\/\/www.kau.se\/upe\">UPE, vid Karlstads universitet<\/a>, <a href=\"http:\/\/www.sverd.se\">SVERD<\/a><\/p><\/blockquote>\n<h3>Group pages<\/h3>\n<p>Each workshop group has its own page with some links to resources. You can find the links here or in the menu under &#8220;<a href=\"https:\/\/sola.kau.se\/sverdkonferensworkshop\/workshop\/\">Workshop groups<\/a>&#8220;:<\/p>\n<p><a href=\"https:\/\/sola.kau.se\/sverdkonferensworkshop\/workshop\/\">https:\/\/sola.kau.se\/sverdkonferensworkshop\/workshop\/<\/a><\/p>\n<hr \/>\n<p>The workshop will be carried out both in Swedish and in English<\/p>\n","protected":false},"excerpt":{"rendered":"<p>Futures of education: Learning to become A workshop according to UNESCOs guidelines on the Futures of Education.\u00a0Watch the introductory film before the conference begins. Speakers Ebba Ossiannilsson Professor, Dr. Oberoende expert, forskare,\u00a0 kvalitetsv\u00e4rderare och utredare, SVERD, SIS, ISO, EDEN, ICDE Ulf Sandstr\u00f6m Distansutbildare och utvecklare. SVERD J\u00f6rg Pareigis Chef f\u00f6r universitetspedagogiska enheten, UPE, vid Karlstads [&hellip;]<\/p>\n","protected":false},"author":48,"featured_media":0,"parent":0,"menu_order":0,"comment_status":"closed","ping_status":"closed","template":"","meta":{"footnotes":""},"class_list":["post-19","page","type-page","status-publish","hentry"],"_links":{"self":[{"href":"https:\/\/sola.kau.se\/sverdkonferensworkshop\/wp-json\/wp\/v2\/pages\/19","targetHints":{"allow":["GET"]}}],"collection":[{"href":"https:\/\/sola.kau.se\/sverdkonferensworkshop\/wp-json\/wp\/v2\/pages"}],"about":[{"href":"https:\/\/sola.kau.se\/sverdkonferensworkshop\/wp-json\/wp\/v2\/types\/page"}],"author":[{"embeddable":true,"href":"https:\/\/sola.kau.se\/sverdkonferensworkshop\/wp-json\/wp\/v2\/users\/48"}],"replies":[{"embeddable":true,"href":"https:\/\/sola.kau.se\/sverdkonferensworkshop\/wp-json\/wp\/v2\/comments?post=19"}],"version-history":[{"count":21,"href":"https:\/\/sola.kau.se\/sverdkonferensworkshop\/wp-json\/wp\/v2\/pages\/19\/revisions"}],"predecessor-version":[{"id":228,"href":"https:\/\/sola.kau.se\/sverdkonferensworkshop\/wp-json\/wp\/v2\/pages\/19\/revisions\/228"}],"wp:attachment":[{"href":"https:\/\/sola.kau.se\/sverdkonferensworkshop\/wp-json\/wp\/v2\/media?parent=19"}],"curies":[{"name":"wp","href":"https:\/\/api.w.org\/{rel}","templated":true}]}}