 {"id":60,"date":"2020-09-17T14:15:46","date_gmt":"2020-09-17T14:15:46","guid":{"rendered":"https:\/\/sola.kau.se\/sverdkonferensworkshop\/?page_id=60"},"modified":"2020-09-18T06:10:41","modified_gmt":"2020-09-18T06:10:41","slug":"workshop-group-03","status":"publish","type":"page","link":"https:\/\/sola.kau.se\/sverdkonferensworkshop\/workshop\/workshop-group-03\/","title":{"rendered":"Workshop group 03"},"content":{"rendered":"\r\n<p>F\u00f6lj dessa anvisningar f\u00f6r er gruppdiskussion.<\/p>\r\n\r\n\r\n\r\n<h3>Uppgift 1 &#8211; WordCloud<\/h3>\r\n\r\n\r\n\r\n<blockquote>\r\n<p><strong>Skapa en WordCloud<\/strong> tillsammans. Varje gruppmedlem klickar p\u00e5 l\u00e4nken nedan och besvarar fr\u00e5gorna via denna l\u00e4nk: <br \/><a href=\"https:\/\/www.menti.com\/9yei571o4w\" target=\"_blank\" rel=\"noopener noreferrer\">https:\/\/www.menti.com\/9yei571o4w<\/a><\/p>\r\n<\/blockquote>\r\n<p>(Alternativ: g\u00e5 till menti.com och sl\u00e5 in f\u00f6ljande kod: <span data-sheets-value=\"{&quot;1&quot;:2,&quot;2&quot;:&quot;43 46 07 8&quot;}\" data-sheets-userformat=\"{&quot;2&quot;:15107,&quot;3&quot;:{&quot;1&quot;:0},&quot;4&quot;:{&quot;1&quot;:2,&quot;2&quot;:16777215},&quot;11&quot;:4,&quot;12&quot;:0,&quot;14&quot;:{&quot;1&quot;:2,&quot;2&quot;:-1089464268},&quot;15&quot;:&quot;MentiText&quot;,&quot;16&quot;:12}\">43 46 07 8)<\/span><\/p>\r\n\r\n\r\n\r\n\r\n\r\n<p>Ni hittar <strong>er gemensamma WordCloud<\/strong> via denna l\u00e4nk: <br \/><a href=\"https:\/\/www.mentimeter.com\/s\/17e4ae7cfe7c5d4dfd322bc33b5cd35c\/26ed640b2d24\" target=\"_blank\" rel=\"noopener noreferrer\">https:\/\/www.mentimeter.com\/s\/17e4ae7cfe7c5d4dfd322bc33b5cd35c\/26ed640b2d24<\/a><\/p>\r\n<hr \/>\r\n<h3>Uppgift 2 &#8211; Padlet<\/h3>\r\n<blockquote>\r\n<p>Svara gemensamt p\u00e5 fr\u00e5gorna i padleten.<\/p>\r\n<\/blockquote>\r\n<p>L\u00e4nk till padlet:<\/p>\r\n\r\n\r\n\r\n<p><a href=\"https:\/\/kau.padlet.org\/jorgpareigis2\/11sxc183cgqvf7c\">https:\/\/kau.padlet.org\/jorgpareigis2\/11sxc183cgqvf7c<\/a><\/p>\r\n<!-- \/wp:post-content -->","protected":false},"excerpt":{"rendered":"<p>F\u00f6lj dessa anvisningar f\u00f6r er gruppdiskussion. Uppgift 1 &#8211; WordCloud Skapa en WordCloud tillsammans. Varje gruppmedlem klickar p\u00e5 l\u00e4nken nedan och besvarar fr\u00e5gorna via denna l\u00e4nk: https:\/\/www.menti.com\/9yei571o4w (Alternativ: g\u00e5 till menti.com och sl\u00e5 in f\u00f6ljande kod: 43 46 07 8) Ni hittar er gemensamma WordCloud via denna l\u00e4nk: https:\/\/www.mentimeter.com\/s\/17e4ae7cfe7c5d4dfd322bc33b5cd35c\/26ed640b2d24 Uppgift 2 &#8211; Padlet Svara gemensamt [&hellip;]<\/p>\n","protected":false},"author":48,"featured_media":0,"parent":3,"menu_order":0,"comment_status":"closed","ping_status":"closed","template":"","meta":{"footnotes":""},"class_list":["post-60","page","type-page","status-publish","hentry"],"_links":{"self":[{"href":"https:\/\/sola.kau.se\/sverdkonferensworkshop\/wp-json\/wp\/v2\/pages\/60","targetHints":{"allow":["GET"]}}],"collection":[{"href":"https:\/\/sola.kau.se\/sverdkonferensworkshop\/wp-json\/wp\/v2\/pages"}],"about":[{"href":"https:\/\/sola.kau.se\/sverdkonferensworkshop\/wp-json\/wp\/v2\/types\/page"}],"author":[{"embeddable":true,"href":"https:\/\/sola.kau.se\/sverdkonferensworkshop\/wp-json\/wp\/v2\/users\/48"}],"replies":[{"embeddable":true,"href":"https:\/\/sola.kau.se\/sverdkonferensworkshop\/wp-json\/wp\/v2\/comments?post=60"}],"version-history":[{"count":6,"href":"https:\/\/sola.kau.se\/sverdkonferensworkshop\/wp-json\/wp\/v2\/pages\/60\/revisions"}],"predecessor-version":[{"id":198,"href":"https:\/\/sola.kau.se\/sverdkonferensworkshop\/wp-json\/wp\/v2\/pages\/60\/revisions\/198"}],"up":[{"embeddable":true,"href":"https:\/\/sola.kau.se\/sverdkonferensworkshop\/wp-json\/wp\/v2\/pages\/3"}],"wp:attachment":[{"href":"https:\/\/sola.kau.se\/sverdkonferensworkshop\/wp-json\/wp\/v2\/media?parent=60"}],"curies":[{"name":"wp","href":"https:\/\/api.w.org\/{rel}","templated":true}]}}