 {"id":62,"date":"2020-09-17T14:16:01","date_gmt":"2020-09-17T14:16:01","guid":{"rendered":"https:\/\/sola.kau.se\/sverdkonferensworkshop\/?page_id=62"},"modified":"2020-09-18T06:13:22","modified_gmt":"2020-09-18T06:13:22","slug":"workshop-group-04","status":"publish","type":"page","link":"https:\/\/sola.kau.se\/sverdkonferensworkshop\/workshop\/workshop-group-04\/","title":{"rendered":"Workshop group 04"},"content":{"rendered":"\r\n<p>F\u00f6lj dessa anvisningar f\u00f6r er gruppdiskussion.<\/p>\r\n\r\n\r\n\r\n<h3>Uppgift 1 &#8211; WordCloud<\/h3>\r\n\r\n\r\n\r\n<blockquote>\r\n<p><strong>Skapa en WordCloud<\/strong> tillsammans. Varje gruppmedlem klickar p\u00e5 l\u00e4nken nedan och besvarar fr\u00e5gorna via denna l\u00e4nk: <a href=\"https:\/\/www.menti.com\/deombzb9p7\" target=\"_blank\" rel=\"noopener noreferrer\">https:\/\/www.menti.com\/deombzb9p7<\/a><\/p>\r\n<\/blockquote>\r\n<p>(Alternativ: g\u00e5 till menti.com och sl\u00e5 in f\u00f6ljande kod: 82 85 24 7)<\/p>\r\n\r\n\r\n\r\n\r\n\r\n<p>Ni hittar <strong>er gemensamma WordCloud<\/strong> via denna l\u00e4nk: <a href=\"https:\/\/www.mentimeter.com\/s\/01fc3bedc545e5a20d5b9c13e2be562f\/61564f2bc3cc\" target=\"_blank\" rel=\"noopener noreferrer\">https:\/\/www.mentimeter.com\/s\/01fc3bedc545e5a20d5b9c13e2be562f\/61564f2bc3cc<\/a><\/p>\r\n<hr \/>\r\n<h3>Uppgift 2 &#8211; Padlet<\/h3>\r\n<blockquote>\r\n<p>Svara gemensamt p\u00e5 fr\u00e5gorna i padleten.<\/p>\r\n<\/blockquote>\r\n<p>L\u00e4nk till padlet:<\/p>\r\n<p><a href=\"https:\/\/kau.padlet.org\/jorgpareigis2\/jt926mp1m4it4kbw\">https:\/\/kau.padlet.org\/jorgpareigis2\/jt926mp1m4it4kbw<\/a><\/p>\r\n","protected":false},"excerpt":{"rendered":"<p>F\u00f6lj dessa anvisningar f\u00f6r er gruppdiskussion. Uppgift 1 &#8211; WordCloud Skapa en WordCloud tillsammans. Varje gruppmedlem klickar p\u00e5 l\u00e4nken nedan och besvarar fr\u00e5gorna via denna l\u00e4nk: https:\/\/www.menti.com\/deombzb9p7 (Alternativ: g\u00e5 till menti.com och sl\u00e5 in f\u00f6ljande kod: 82 85 24 7) Ni hittar er gemensamma WordCloud via denna l\u00e4nk: https:\/\/www.mentimeter.com\/s\/01fc3bedc545e5a20d5b9c13e2be562f\/61564f2bc3cc Uppgift 2 &#8211; Padlet Svara gemensamt [&hellip;]<\/p>\n","protected":false},"author":48,"featured_media":0,"parent":3,"menu_order":0,"comment_status":"closed","ping_status":"closed","template":"","meta":{"footnotes":""},"class_list":["post-62","page","type-page","status-publish","hentry"],"_links":{"self":[{"href":"https:\/\/sola.kau.se\/sverdkonferensworkshop\/wp-json\/wp\/v2\/pages\/62","targetHints":{"allow":["GET"]}}],"collection":[{"href":"https:\/\/sola.kau.se\/sverdkonferensworkshop\/wp-json\/wp\/v2\/pages"}],"about":[{"href":"https:\/\/sola.kau.se\/sverdkonferensworkshop\/wp-json\/wp\/v2\/types\/page"}],"author":[{"embeddable":true,"href":"https:\/\/sola.kau.se\/sverdkonferensworkshop\/wp-json\/wp\/v2\/users\/48"}],"replies":[{"embeddable":true,"href":"https:\/\/sola.kau.se\/sverdkonferensworkshop\/wp-json\/wp\/v2\/comments?post=62"}],"version-history":[{"count":8,"href":"https:\/\/sola.kau.se\/sverdkonferensworkshop\/wp-json\/wp\/v2\/pages\/62\/revisions"}],"predecessor-version":[{"id":199,"href":"https:\/\/sola.kau.se\/sverdkonferensworkshop\/wp-json\/wp\/v2\/pages\/62\/revisions\/199"}],"up":[{"embeddable":true,"href":"https:\/\/sola.kau.se\/sverdkonferensworkshop\/wp-json\/wp\/v2\/pages\/3"}],"wp:attachment":[{"href":"https:\/\/sola.kau.se\/sverdkonferensworkshop\/wp-json\/wp\/v2\/media?parent=62"}],"curies":[{"name":"wp","href":"https:\/\/api.w.org\/{rel}","templated":true}]}}