 {"id":66,"date":"2020-09-17T14:16:27","date_gmt":"2020-09-17T14:16:27","guid":{"rendered":"https:\/\/sola.kau.se\/sverdkonferensworkshop\/?page_id=66"},"modified":"2020-09-18T06:15:15","modified_gmt":"2020-09-18T06:15:15","slug":"workshop-group-06","status":"publish","type":"page","link":"https:\/\/sola.kau.se\/sverdkonferensworkshop\/workshop\/workshop-group-06\/","title":{"rendered":"Workshop group 06"},"content":{"rendered":"\r\n<p>F\u00f6lj dessa anvisningar f\u00f6r er gruppdiskussion.<\/p>\r\n\r\n\r\n\r\n<h3>Uppgift 1 &#8211; WordCloud<\/h3>\r\n\r\n\r\n\r\n<blockquote>\r\n<p><strong>Skapa en WordCloud<\/strong> tillsammans. Varje gruppmedlem klickar p\u00e5 l\u00e4nken nedan och besvarar fr\u00e5gorna via denna l\u00e4nk: <a class=\"in-cell-link\" href=\"https:\/\/www.menti.com\/jpbwbkteke\" target=\"_blank\" rel=\"noopener noreferrer\">https:\/\/www.menti.com\/jpbwbkteke<\/a><\/p>\r\n<\/blockquote>\r\n\r\n\r\n\r\n\r\n\r\n<p>(Alternativ: g\u00e5 till menti.com och sl\u00e5 in f\u00f6ljande kod: 73 76 16 3)<\/p>\r\n<p>Ni hittar <strong>er gemensamma WordCloud<\/strong> via denna l\u00e4nk: <a class=\"in-cell-link\" href=\"https:\/\/www.mentimeter.com\/s\/2f23e54b895b96d44e0c86739b4699af\/ea26fea36a36\" target=\"_blank\" rel=\"noopener noreferrer\">https:\/\/www.mentimeter.com\/s\/2f23e54b895b96d44e0c86739b4699af\/ea26fea36a36<\/a><\/p>\r\n<hr \/>\r\n<h3>Uppgift 2 &#8211; Padlet<\/h3>\r\n<blockquote>\r\n<p>Svara gemensamt p\u00e5 fr\u00e5gorna i padleten.<\/p>\r\n<\/blockquote>\r\n<p>L\u00e4nk till padlet:<\/p>\r\n\r\n\r\n\r\n<p><a href=\"https:\/\/kau.padlet.org\/jorgpareigis2\/urrha2ohguvijoyu\">https:\/\/kau.padlet.org\/jorgpareigis2\/urrha2ohguvijoyu<\/a><\/p>\r\n<!-- \/wp:post-content -->","protected":false},"excerpt":{"rendered":"<p>F\u00f6lj dessa anvisningar f\u00f6r er gruppdiskussion. Uppgift 1 &#8211; WordCloud Skapa en WordCloud tillsammans. Varje gruppmedlem klickar p\u00e5 l\u00e4nken nedan och besvarar fr\u00e5gorna via denna l\u00e4nk: https:\/\/www.menti.com\/jpbwbkteke (Alternativ: g\u00e5 till menti.com och sl\u00e5 in f\u00f6ljande kod: 73 76 16 3) Ni hittar er gemensamma WordCloud via denna l\u00e4nk: https:\/\/www.mentimeter.com\/s\/2f23e54b895b96d44e0c86739b4699af\/ea26fea36a36 Uppgift 2 &#8211; Padlet Svara gemensamt [&hellip;]<\/p>\n","protected":false},"author":48,"featured_media":0,"parent":3,"menu_order":0,"comment_status":"closed","ping_status":"closed","template":"","meta":{"footnotes":""},"class_list":["post-66","page","type-page","status-publish","hentry"],"_links":{"self":[{"href":"https:\/\/sola.kau.se\/sverdkonferensworkshop\/wp-json\/wp\/v2\/pages\/66","targetHints":{"allow":["GET"]}}],"collection":[{"href":"https:\/\/sola.kau.se\/sverdkonferensworkshop\/wp-json\/wp\/v2\/pages"}],"about":[{"href":"https:\/\/sola.kau.se\/sverdkonferensworkshop\/wp-json\/wp\/v2\/types\/page"}],"author":[{"embeddable":true,"href":"https:\/\/sola.kau.se\/sverdkonferensworkshop\/wp-json\/wp\/v2\/users\/48"}],"replies":[{"embeddable":true,"href":"https:\/\/sola.kau.se\/sverdkonferensworkshop\/wp-json\/wp\/v2\/comments?post=66"}],"version-history":[{"count":5,"href":"https:\/\/sola.kau.se\/sverdkonferensworkshop\/wp-json\/wp\/v2\/pages\/66\/revisions"}],"predecessor-version":[{"id":201,"href":"https:\/\/sola.kau.se\/sverdkonferensworkshop\/wp-json\/wp\/v2\/pages\/66\/revisions\/201"}],"up":[{"embeddable":true,"href":"https:\/\/sola.kau.se\/sverdkonferensworkshop\/wp-json\/wp\/v2\/pages\/3"}],"wp:attachment":[{"href":"https:\/\/sola.kau.se\/sverdkonferensworkshop\/wp-json\/wp\/v2\/media?parent=66"}],"curies":[{"name":"wp","href":"https:\/\/api.w.org\/{rel}","templated":true}]}}