 {"id":63,"date":"2021-04-27T14:14:57","date_gmt":"2021-04-27T14:14:57","guid":{"rendered":"https:\/\/sola.kau.se\/swits\/?page_id=63"},"modified":"2021-05-03T13:53:07","modified_gmt":"2021-05-03T13:53:07","slug":"participating-universities-and-colleges","status":"publish","type":"page","link":"https:\/\/sola.kau.se\/swits\/en\/participating-universities-and-colleges\/","title":{"rendered":"Participating universities and colleges"},"content":{"rendered":"\n<p><a href=\"http:\/\/www.kau.se\/\">Karlstads universitet<\/a> (koordinator)<\/p>\n\n\n\n<p><a href=\"http:\/\/www.bth.se\/\">Blekinge tekniska h\u00f6gskola<\/a><\/p>\n\n\n\n<p><a href=\"http:\/\/www.chalmers.se\/\">Chalmers tekniska h\u00f6gskola<\/a><\/p>\n\n\n\n<p>G\u00f6teborgs universitet<\/p>\n\n\n\n<p>H\u00f6gskolan Halmstad<\/p>\n\n\n\n<p><a href=\"http:\/\/www.his.se\/\">H\u00f6gskolan i<\/a>&nbsp;<a href=\"http:\/\/www.his.se\/\">Sk\u00f6vde&nbsp;<\/a><\/p>\n\n\n\n<p>J\u00f6nk\u00f6pings universitet<\/p>\n\n\n\n<p><a href=\"http:\/\/www.his.se\/\">Kungliga tekniska h\u00f6gskolan<\/a><\/p>\n\n\n\n<p>Linn\u00e9 universitetet<\/p>\n\n\n\n<p><a href=\"http:\/\/www.liu.se\/\">Link\u00f6pings universitet<\/a><\/p>\n\n\n\n<p><a href=\"http:\/\/www.luth.se\/\">Lule\u00e5 tekniska universitet<\/a><\/p>\n\n\n\n<p><a href=\"http:\/\/www.lu.se\/\">Lunds Universitet<\/a><\/p>\n\n\n\n<p><a href=\"http:\/\/iotap.mah.se\/\">Malm\u00f6 universitet<\/a><\/p>\n\n\n\n<p>Mittuniversitetet<\/p>\n\n\n\n<p><a href=\"http:\/\/www.mdh.se\/\">M\u00e4lardalens H\u00f6gskolan<\/a><\/p>\n\n\n\n<p><a href=\"https:\/\/www.ri.se\/en\/what-we-do\/projects\/rise-centre-cybersecurity\">RISE Center for&nbsp;Cybersecurity<\/a><\/p>\n\n\n\n<p><a href=\"http:\/\/www.su.se\/\">Stockholms universitet<\/a><\/p>\n\n\n\n<p><a href=\"https:\/\/dsv.su.se\/\" data-type=\"URL\" data-id=\"https:\/\/dsv.su.se\/\">Stockholm university, DSV<\/a><\/p>\n\n\n\n<p>Ume\u00e5 universitet<\/p>\n\n\n\n<p><a href=\"https:\/\/www.uu.se\/\">Uppsala universitet<\/a><\/p>\n\n\n\n<p><a href=\"http:\/\/www.oru.se\/\">\u00d6rebro universitet<\/a><\/p>\n\n\n\n<p><strong>Other<\/strong><\/p>\n\n\n\n<p>RISE, <a href=\"https:\/\/www.foi.se\" data-type=\"URL\" data-id=\"https:\/\/www.foi.se\">FOI<\/a>, Industrielle forskare, <a href=\"https:\/\/www.msb.se\" data-type=\"URL\" data-id=\"https:\/\/www.msb.se\">MSB<\/a> and the Norwegian Cybersecurity PhD network <a href=\"https:\/\/coinsrs.no\/\" data-type=\"URL\" data-id=\"https:\/\/coinsrs.no\/\">COINS<\/a>.<\/p>\n","protected":false},"excerpt":{"rendered":"<p>Karlstads universitet (koordinator) Blekinge tekniska h\u00f6gskola Chalmers tekniska h\u00f6gskola G\u00f6teborgs universitet H\u00f6gskolan Halmstad H\u00f6gskolan i&nbsp;Sk\u00f6vde&nbsp; J\u00f6nk\u00f6pings universitet Kungliga tekniska h\u00f6gskolan Linn\u00e9 universitetet Link\u00f6pings universitet Lule\u00e5 tekniska universitet Lunds Universitet Malm\u00f6 universitet Mittuniversitetet M\u00e4lardalens H\u00f6gskolan RISE Center for&nbsp;Cybersecurity Stockholms universitet Stockholm university, DSV Ume\u00e5 universitet Uppsala universitet \u00d6rebro universitet Other RISE, FOI, Industrielle forskare, MSB and &hellip; <\/p>\n<p class=\"link-more\"><a href=\"https:\/\/sola.kau.se\/swits\/en\/participating-universities-and-colleges\/\" class=\"more-link\">Continue reading<span class=\"screen-reader-text\"> &#8220;Participating universities and colleges&#8221;<\/span><\/a><\/p>\n","protected":false},"author":88,"featured_media":0,"parent":0,"menu_order":0,"comment_status":"closed","ping_status":"closed","template":"","meta":{"footnotes":""},"class_list":["post-63","page","type-page","status-publish","hentry"],"_links":{"self":[{"href":"https:\/\/sola.kau.se\/swits\/en\/wp-json\/wp\/v2\/pages\/63","targetHints":{"allow":["GET"]}}],"collection":[{"href":"https:\/\/sola.kau.se\/swits\/en\/wp-json\/wp\/v2\/pages"}],"about":[{"href":"https:\/\/sola.kau.se\/swits\/en\/wp-json\/wp\/v2\/types\/page"}],"author":[{"embeddable":true,"href":"https:\/\/sola.kau.se\/swits\/en\/wp-json\/wp\/v2\/users\/88"}],"replies":[{"embeddable":true,"href":"https:\/\/sola.kau.se\/swits\/en\/wp-json\/wp\/v2\/comments?post=63"}],"version-history":[{"count":7,"href":"https:\/\/sola.kau.se\/swits\/en\/wp-json\/wp\/v2\/pages\/63\/revisions"}],"predecessor-version":[{"id":129,"href":"https:\/\/sola.kau.se\/swits\/en\/wp-json\/wp\/v2\/pages\/63\/revisions\/129"}],"wp:attachment":[{"href":"https:\/\/sola.kau.se\/swits\/en\/wp-json\/wp\/v2\/media?parent=63"}],"curies":[{"name":"wp","href":"https:\/\/api.w.org\/{rel}","templated":true}]}}