 {"id":17,"date":"2021-03-30T12:14:21","date_gmt":"2021-03-30T12:14:21","guid":{"rendered":"https:\/\/sola.kau.se\/swits\/?page_id=17"},"modified":"2025-10-28T16:05:28","modified_gmt":"2025-10-28T16:05:28","slug":"swits-syfte","status":"publish","type":"page","link":"https:\/\/sola.kau.se\/swits\/swits-syfte\/","title":{"rendered":"Om SWITS"},"content":{"rendered":"\n<p><strong>Syfte<\/strong><br>Det svenska n\u00e4tverket f\u00f6r doktorander inom IT-s\u00e4kerhet (SWITS) skapades \u00e5r 2001, med syfte att&nbsp;<\/p>\n\n\n\n<ul class=\"wp-block-list\">\n<li>st\u00e4rka samarbetet mellan svenska doktorander och olika forskningslaboratorier,<\/li>\n\n\n\n<li>identifiera utbildningsmateriel som passar p\u00e5 nationell niv\u00e5 och att g\u00f6ra dessa tillg\u00e4ngliga f\u00f6r alla medverkande institutioner,<\/li>\n\n\n\n<li>identifiera existerande forskarkurser p\u00e5 svenska universitet och h\u00f6gskolor samt att g\u00f6ra dessa tillg\u00e4ngliga f\u00f6r alla doktorander som ing\u00e5r i SWITS-n\u00e4tverket,<\/li>\n\n\n\n<li>delta i organiserandet av intensiva IT-kurser p\u00e5 internationella sommarskolor f\u00f6r doktorander samt att ge alla doktorander som ing\u00e5r i n\u00e4tverket m\u00f6jlighet att delta i dessa kurser,<\/li>\n\n\n\n<li>ordna g\u00e4stf\u00f6rel\u00e4sningar av externa experter.<br>&nbsp;<\/li>\n<\/ul>\n\n\n\n<p><strong>Deltagare<\/strong><br>I n\u00e4tverket ing\u00e5r forskare och forskargrupper inom IT-s\u00e4kerhet fr\u00e5n m\u00e5nga svenska universitet och h\u00f6gskolor.&nbsp;<\/p>\n\n\n\n<p><strong><br>SWITS seminarier<\/strong><br>Varje \u00e5r p\u00e5 v\u00e5ren h\u00e5lls ett tv\u00e5-dagars seminarium d\u00e4r<\/p>\n\n\n\n<ul class=\"wp-block-list\">\n<li>handledare ges tillf\u00e4lle att presentera en \u00f6versikt \u00f6ver deras forskningsomr\u00e5de<\/li>\n\n\n\n<li>doktorander ges m\u00f6jlighet att presentera deras forskningsarbete, f\u00f6r att p\u00e5 s\u00e5 s\u00e4tt f\u00e5 \u00e5terkoppling och inspiration<\/li>\n\n\n\n<li>olika forskningsmetodiker inom IT-s\u00e4kerhet diskuteras<\/li>\n\n\n\n<li>introduktionskurser ges<\/li>\n<\/ul>\n\n\n\n<p><strong><br>Kommunikation<\/strong><br>En e-post lista, som mer \u00e4n 200 medlemmar i n\u00e4tverket prenumererar p\u00e5, anv\u00e4nds f\u00f6r att sprida information om SWITS-seminarier, forskarkurser&nbsp;inom &nbsp;IT-s\u00e4kerhet, sommarskolor, kursmateriel samt konferenser och andra evenemang inom IT-s\u00e4kerhet.&nbsp;<\/p>\n\n\n\n<p><strong>SWITS sponsras av&nbsp;<a href=\"http:\/\/www.msb.se\/\">MSB<\/a>&nbsp;(2010-2025)<\/strong><\/p>\n\n\n\n<p>och tidigare av <strong><a href=\"http:\/\/www.krisberedskapsmyndigheten.se\/\">KBM<\/a>&nbsp;(2008\/2009),<\/strong> <strong>svenska&nbsp;<a href=\"http:\/\/www.kks.se\/\">KK-stiftelsen<\/a>&nbsp;(2001-2007)<\/strong><\/p>\n\n\n\n<p><\/p>\n","protected":false},"excerpt":{"rendered":"<p>SyfteDet svenska n\u00e4tverket f\u00f6r doktorander inom IT-s\u00e4kerhet (SWITS) skapades \u00e5r 2001, med syfte att&nbsp; DeltagareI n\u00e4tverket ing\u00e5r forskare och forskargrupper inom IT-s\u00e4kerhet fr\u00e5n m\u00e5nga svenska universitet och h\u00f6gskolor.&nbsp; SWITS seminarierVarje \u00e5r p\u00e5 v\u00e5ren h\u00e5lls ett tv\u00e5-dagars seminarium d\u00e4r KommunikationEn e-post lista, som mer \u00e4n 200 medlemmar i n\u00e4tverket prenumererar p\u00e5, anv\u00e4nds f\u00f6r att sprida information &hellip; <\/p>\n<p class=\"link-more\"><a href=\"https:\/\/sola.kau.se\/swits\/swits-syfte\/\" class=\"more-link\">Forts\u00e4tt l\u00e4sa<span class=\"screen-reader-text\"> \u201dOm SWITS\u201d<\/span><\/a><\/p>\n","protected":false},"author":88,"featured_media":0,"parent":0,"menu_order":0,"comment_status":"closed","ping_status":"closed","template":"","meta":{"footnotes":""},"class_list":["post-17","page","type-page","status-publish","hentry"],"_links":{"self":[{"href":"https:\/\/sola.kau.se\/swits\/wp-json\/wp\/v2\/pages\/17","targetHints":{"allow":["GET"]}}],"collection":[{"href":"https:\/\/sola.kau.se\/swits\/wp-json\/wp\/v2\/pages"}],"about":[{"href":"https:\/\/sola.kau.se\/swits\/wp-json\/wp\/v2\/types\/page"}],"author":[{"embeddable":true,"href":"https:\/\/sola.kau.se\/swits\/wp-json\/wp\/v2\/users\/88"}],"replies":[{"embeddable":true,"href":"https:\/\/sola.kau.se\/swits\/wp-json\/wp\/v2\/comments?post=17"}],"version-history":[{"count":8,"href":"https:\/\/sola.kau.se\/swits\/wp-json\/wp\/v2\/pages\/17\/revisions"}],"predecessor-version":[{"id":268,"href":"https:\/\/sola.kau.se\/swits\/wp-json\/wp\/v2\/pages\/17\/revisions\/268"}],"wp:attachment":[{"href":"https:\/\/sola.kau.se\/swits\/wp-json\/wp\/v2\/media?parent=17"}],"curies":[{"name":"wp","href":"https:\/\/api.w.org\/{rel}","templated":true}]}}