 {"id":97,"date":"2021-04-29T11:23:43","date_gmt":"2021-04-29T11:23:43","guid":{"rendered":"https:\/\/sola.kau.se\/swits\/?page_id=97"},"modified":"2026-04-10T16:24:45","modified_gmt":"2026-04-10T16:24:45","slug":"seminarier","status":"publish","type":"page","link":"https:\/\/sola.kau.se\/swits\/seminarier\/","title":{"rendered":"Seminarier"},"content":{"rendered":"\n<p><a href=\"https:\/\/sola.kau.se\/swits\/en\/invitation-to-the-swits-2026-seminar-9-10-june-2026-jonkoping-university\/\">SWITS 2026-seminariet kommer att \u00e4ga rum i J\u00f6nk\u00f6ping den 9\u201310 juni 2026.<\/a><\/p>\n\n\n\n<p>2025, June, 3-4<br><a href=\"https:\/\/sola.kau.se\/swits\/wp-content\/uploads\/sites\/257\/2025\/03\/Invitation-to-SWITS-2025.pdf\">25th SWITS seminar in Stockholm @ Cybercampus<\/a> &#8211; <a href=\"https:\/\/sola.kau.se\/swits\/swits-2025-25th-seminar-of-the-swedish-it-security-network-programme\/\" data-type=\"page\" data-id=\"433\">Seminar Program<\/a><\/p>\n\n\n\n<p>2024, May 27-28<br><a href=\"https:\/\/sola.kau.se\/swits\/en\/invitation-to-swits-2024\/\" data-type=\"URL\" data-id=\"https:\/\/sola.kau.se\/swits\/en\/invitation-to-swits-2024\/\">24th SWITS seminar in Lund<\/a> &#8211;<a href=\"https:\/\/sola.kau.se\/swits\/swits2024\/\" data-type=\"page\" data-id=\"278\"> Seminar Program<\/a><\/p>\n\n\n\n<p>2023, May 29-30<br><a href=\"https:\/\/swits.hotell.kau.se\/AnnualSeminars\/SWITS_2023\/SWITS_2023_program.htm\" data-type=\"URL\" data-id=\"https:\/\/swits.hotell.kau.se\/AnnualSeminars\/SWITS_2023\/SWITS_2023_program.htm\">23rd SWITS Seminar in Uppsala <\/a> <\/p>\n\n\n\n<p>2022, June 2-3<br><a href=\"https:\/\/swits.hotell.kau.se\/AnnualSeminars\/SWITS_2022\/SWITS2022_programme.htm\">22nd SWITS Seminar in Karlstad<\/a> <\/p>\n\n\n\n<p>2021, June 3<br><a href=\"https:\/\/swits.hotell.kau.se\/AnnualSeminars\/SWITS%202021\/SWITS_2021\/SWITS2021_Programme.htm\">21<sup>st<\/sup>&nbsp;SWITS Seminar<\/a>&nbsp;(Online)<\/p>\n\n\n\n<p>2020, June 2<br><a href=\"https:\/\/swits.hotell.kau.se\/AnnualSeminars\/SWITS%202020\/SWITS_2020_programme.htm\">20<sup>th<\/sup>&nbsp;SWITS Seminar<\/a>&nbsp;(Online)<\/p>\n\n\n\n<p>2019, June 3-4<br><a href=\"https:\/\/swits.hotell.kau.se\/AnnualSeminars\/SWITS%202019\/Swits%20program%202019.htm\">19<sup>th<\/sup>&nbsp;SWITS Seminar<\/a>&nbsp;in Karlstad<\/p>\n\n\n\n<p>2018, June<br><a href=\"https:\/\/swits.hotell.kau.se\/AnnualSeminars\/SWITS-18-inv.htm\">18<sup>th<\/sup>&nbsp;SWITS Seminar<\/a>&nbsp;in Stockholm at KTH in cooperation with&nbsp;<a href=\"https:\/\/cysep.conf.kth.se\/\">CySeP<\/a><\/p>\n\n\n\n<p>2017, June 8-9<br><a href=\"https:\/\/coinsrs.no\/coinsswits-ph-d-student-seminar-2017-oslo\/\">17<sup>th<\/sup>&nbsp;SWITS Seminar<\/a>&nbsp;in Oslo (in cooperation with with COINS)<\/p>\n\n\n\n<p>2016, June 9-10<br><a href=\"https:\/\/swits.hotell.kau.se\/AnnualSeminars\/Swits-16\/Swits%20program%202016.htm\">16<sup>th<\/sup>&nbsp;SWITS Seminar<\/a>&nbsp;in Link\u00f6ping<\/p>\n\n\n\n<p>2015, June 11-12&nbsp;&nbsp;<br><a href=\"https:\/\/swits.hotell.kau.se\/AnnualSeminars\/SWITS-15\/Swits%20program%202015.htm\">15<sup>th<\/sup>&nbsp;SWITS Seminar<\/a>&nbsp;in&nbsp;S\u00e4tra&nbsp;Brunn<\/p>\n\n\n\n<p>2014, June 12-13<br><a href=\"https:\/\/swits.hotell.kau.se\/AnnualSeminars\/SWITS-14\/Swits%20program%202014.htm\">14<sup>th<\/sup>&nbsp;SWITS Seminar<\/a>&nbsp;in Uppsala<\/p>\n\n\n\n<p>2013, June 3-4&nbsp;<br><a href=\"http:\/\/www.cs.kau.se\/~simone\/SWITS\/AnnualSeminars\/SWITS-13\/programme-2013.htm\">13<sup>th<\/sup>&nbsp;SWITS Seminar<\/a>&nbsp;in Malm\u00f6&nbsp;<\/p>\n\n\n\n<p>2012, May 31 \u2013 June 1<br><a href=\"https:\/\/swits.hotell.kau.se\/AnnualSeminars\/SWITS-12\/Programme%20SWITS%202012.htm\">12<sup>th<\/sup>&nbsp;SWITS Seminar<\/a>&nbsp;in&nbsp;Sk\u00f6vde<\/p>\n\n\n\n<p>2011, June 15-16<br><a href=\"https:\/\/swits.hotell.kau.se\/AnnualSeminars\/SWITS-11\/SWITS-2011-seminar.htm\">11<sup>th<\/sup>&nbsp;SWITS seminar<\/a>&nbsp;in&nbsp;Marstrand<\/p>\n\n\n\n<p>2010, June 7-8<br><a href=\"https:\/\/swits.hotell.kau.se\/AnnualSeminars\/SWITS-10\/Draft%20Programme%20for%20the%2010th%20SWITS%20seminar.htm\">10<sup>th<\/sup>&nbsp;SWITS seminar<\/a>&nbsp;in Stockholm\/L\u00e5ngholmen<\/p>\n\n\n\n<p>2009, June 8-9<br><a href=\"https:\/\/swits.hotell.kau.se\/AnnualSeminars\/SWITS-9\/SWITS9.htm\">9<sup>th<\/sup>&nbsp;SWITS seminar<\/a>&nbsp;in&nbsp;Karlskrona<\/p>\n\n\n\n<p>2008, May 19-20<br><a href=\"https:\/\/swits.hotell.kau.se\/AnnualSeminars\/SWITS-8\/SWIST%202008%20Program.htm\">8<sup>th<\/sup>&nbsp;SWITS Seminar<\/a>&nbsp;in \u00d6rebro<\/p>\n\n\n\n<p>2007, June 11-12<br><a href=\"http:\/\/www.cs.kau.se\/~simone\/SWITS\/AnnualSeminars\/SWITS-7\/swits2007.htm\">7th SWITS Seminar&nbsp;<\/a>in&nbsp;Sunne<\/p>\n\n\n\n<p>2006, June 12-13<br><a href=\"http:\/\/www.cs.kau.se\/~simone\/SWITS\/AnnualSeminars\/SWITS-6\/SWITS%202006%20programme.htm\">6th SWITS Seminar<\/a>&nbsp;in&nbsp;Sk\u00f6vde<\/p>\n\n\n\n<p>2005, June 7-8<br><a href=\"http:\/\/www.cs.kau.se\/~simone\/SWITS\/AnnualSeminars\/SWITS-5\/Final_programme.pdf\">5th SWITS Seminar<\/a>&nbsp;in&nbsp;G\u00f6teborg<\/p>\n\n\n\n<p>2004, June 7-8<br><a href=\"http:\/\/www.cs.kau.se\/%7Esimone\/Swits-IV\/switsIV-program.htm\">4th SWITS Seminar<\/a>&nbsp;in&nbsp;Vadstena&nbsp;Klosterhotell<\/p>\n\n\n\n<p>2003, April 22-24<br><a href=\"http:\/\/psi.bth.se\/swits\/\">3rd SWITS Seminar<\/a>&nbsp;in&nbsp;Blekinge<\/p>\n\n\n\n<p>2002, April 8-9<br><a href=\"http:\/\/www.cs.kau.se\/~simone\/SWITS\/AnnualSeminars\/SWITS-2\/swits-ii-prog.htm\">2nd SWITS Seminar<\/a>&nbsp;in&nbsp;Run\u00f6\/Stockholm<\/p>\n\n\n\n<p>2001, April 2-3<br><a href=\"http:\/\/www.cs.kau.se\/~simone\/SWITS\/AnnualSeminars\/SWITS-1\/sunne-prog.htm\">1st SWITS Seminar<\/a>&nbsp;in&nbsp;Sunne<\/p>\n\n\n\n<p><\/p>\n","protected":false},"excerpt":{"rendered":"<p>SWITS 2026-seminariet kommer att \u00e4ga rum i J\u00f6nk\u00f6ping den 9\u201310 juni 2026. 2025, June, 3-425th SWITS seminar in Stockholm @ Cybercampus &#8211; Seminar Program 2024, May 27-2824th SWITS seminar in Lund &#8211; Seminar Program 2023, May 29-3023rd SWITS Seminar in Uppsala 2022, June 2-322nd SWITS Seminar in Karlstad 2021, June 321st&nbsp;SWITS Seminar&nbsp;(Online) 2020, June 220th&nbsp;SWITS &hellip; <\/p>\n<p class=\"link-more\"><a href=\"https:\/\/sola.kau.se\/swits\/seminarier\/\" class=\"more-link\">Forts\u00e4tt l\u00e4sa<span class=\"screen-reader-text\"> \u201dSeminarier\u201d<\/span><\/a><\/p>\n","protected":false},"author":88,"featured_media":0,"parent":0,"menu_order":0,"comment_status":"closed","ping_status":"closed","template":"","meta":{"footnotes":""},"class_list":["post-97","page","type-page","status-publish","hentry"],"_links":{"self":[{"href":"https:\/\/sola.kau.se\/swits\/wp-json\/wp\/v2\/pages\/97","targetHints":{"allow":["GET"]}}],"collection":[{"href":"https:\/\/sola.kau.se\/swits\/wp-json\/wp\/v2\/pages"}],"about":[{"href":"https:\/\/sola.kau.se\/swits\/wp-json\/wp\/v2\/types\/page"}],"author":[{"embeddable":true,"href":"https:\/\/sola.kau.se\/swits\/wp-json\/wp\/v2\/users\/88"}],"replies":[{"embeddable":true,"href":"https:\/\/sola.kau.se\/swits\/wp-json\/wp\/v2\/comments?post=97"}],"version-history":[{"count":38,"href":"https:\/\/sola.kau.se\/swits\/wp-json\/wp\/v2\/pages\/97\/revisions"}],"predecessor-version":[{"id":553,"href":"https:\/\/sola.kau.se\/swits\/wp-json\/wp\/v2\/pages\/97\/revisions\/553"}],"wp:attachment":[{"href":"https:\/\/sola.kau.se\/swits\/wp-json\/wp\/v2\/media?parent=97"}],"curies":[{"name":"wp","href":"https:\/\/api.w.org\/{rel}","templated":true}]}}