 {"id":57,"date":"2023-01-19T13:31:20","date_gmt":"2023-01-19T13:31:20","guid":{"rendered":"https:\/\/sola.kau.se\/transit1\/?page_id=57"},"modified":"2023-02-23T08:26:31","modified_gmt":"2023-02-23T08:26:31","slug":"about","status":"publish","type":"page","link":"https:\/\/sola.kau.se\/transit1\/","title":{"rendered":"Main Page"},"content":{"rendered":"\n<div class=\"wp-block-media-text alignwide is-stacked-on-mobile\" style=\"grid-template-columns:44% auto\"><figure class=\"wp-block-media-text__media\"><img loading=\"lazy\" decoding=\"async\" width=\"1024\" height=\"1024\" src=\"https:\/\/sola.kau.se\/transit1\/wp-content\/uploads\/sites\/639\/2023\/01\/image-removebg-preview-13-1-4-1024x1024.png\" alt=\"\" class=\"wp-image-130 size-full\" srcset=\"https:\/\/sola.kau.se\/transit1\/wp-content\/uploads\/sites\/639\/2023\/01\/image-removebg-preview-13-1-4-1024x1024.png 1024w, https:\/\/sola.kau.se\/transit1\/wp-content\/uploads\/sites\/639\/2023\/01\/image-removebg-preview-13-1-4-300x300.png 300w, https:\/\/sola.kau.se\/transit1\/wp-content\/uploads\/sites\/639\/2023\/01\/image-removebg-preview-13-1-4-150x150.png 150w, https:\/\/sola.kau.se\/transit1\/wp-content\/uploads\/sites\/639\/2023\/01\/image-removebg-preview-13-1-4-768x768.png 768w, https:\/\/sola.kau.se\/transit1\/wp-content\/uploads\/sites\/639\/2023\/01\/image-removebg-preview-13-1-4.png 1500w\" sizes=\"auto, (max-width: 1024px) 100vw, 1024px\" \/><\/figure><div class=\"wp-block-media-text__content\">\n<p class=\"has-text-align-center has-black-color has-text-color has-x-large-font-size\" style=\"font-style:normal;font-weight:700;text-decoration:none\">About Transit<\/p>\n\n\n\n<!-- Overlay -->\n<div class=\"overlay\">\n  <!-- Overlay inner wrapper -->\n  <div class=\"overlay__inner\">\n    <!-- Title -->\n    <h3 class=\"overlay__title\">\n      Transit is a 3-year Erasmus+ project started in January 2021 and involves seven partners from four countries: Italy, Sweden, Greece and Spain.\n    <\/h3>\n    <!-- Description -->\n    <p class=\"overlay__description\">\n     The project aims at raising awareness while stimulating behavioural change, about sustainable mobility through the development of informal training paths for workers, families, and young adults, by stressing the importance of using more sustainable means of transportations as part of broader efforts at EU level towards the creation of a more sustainable and healthier society&#8230;.<\/p>\n    \n    <div class=\"overlay__btns\">\n\n      <a href=\"https:\/\/sola.kau.se\/transit1\/transit-front-page-v2\/\"><button class=\"overlay__btn overlay__btn--colors\">\n        <span>Know more<\/span>\n        \n      <\/button><\/a>\n    <\/div>\n  <\/div>\n<\/div>\n<\/div><\/div>\n\n\n\n<p class=\"has-text-align-center has-ast-global-color-2-color has-text-color has-x-large-font-size\" style=\"margin-top:var(--wp--preset--spacing--40);padding-top:var(--wp--preset--spacing--40);padding-right:var(--wp--preset--spacing--30);padding-bottom:var(--wp--preset--spacing--30);padding-left:var(--wp--preset--spacing--30);font-style:normal;font-weight:700\">Our Objectives<\/p>\n\n\n\n<div class=\"wp-block-columns is-layout-flex wp-container-core-columns-is-layout-d7d455e7 wp-block-columns-is-layout-flex\" style=\"border-style:none;border-width:0px;padding-top:0;padding-right:0;padding-bottom:0;padding-left:0\">\n<div class=\"wp-block-column is-vertically-aligned-center is-layout-flow wp-block-column-is-layout-flow\">\n<div class=\"containers\">\n<div class=\"boxe\">\n\n<div class=\"icon\">01<\/div>\n <div class=\"content\">\n<p>To develop innovative learning methods through which local civil servants and decision makers could bring about change in the attitude of citizens, in particular workers, families and young adults in relation to the theme of sustainable mobility.<\/p> \n<a href=\"#\">Read More<\/a>\n <\/div>\n<\/div>\n\n<div class=\"boxe\">\n\n \n<div class=\"icon\">02<\/div>\n<div class=\"content\">\n<p>To create informal learning opportunities among workers, families and young adults, aimed at increasing knowledge on environmental challenges, in particular the mobility challenge, and related solutions applicable at local level.<\/p> \n<a href=\"#\">Read More<\/a>\n <\/div>\n<\/div>\n<div class=\"boxe\">\n\n\n<div class=\"icon\">03<\/div>\n <div class=\"content\">\n<p>To promote a behavioural change among adult learners by rising awareness and engaging them in positive actions pertaining sustainable mobility.<\/p> \n<a href=\"#\">Read More<\/a>\n <\/div>\n<\/div>\n<\/div>\n\n\n\n\n\n\n\n\n<div class=\"container\">\n            <div class=\"row\">\n                <div class=\"col-lg-12 text-center\">\n                    <h2 class=\"section-heading\" style=\"margin-top: 55px;padding-bottom: 30px;\">OUTPUTS<\/h2>\n                   \n                <\/div>\n            <\/div>\n            <div class=\"row text-center\">\n                <div class=\"col-md-4\">\n                    <span class=\"fa-stack fa-4x\">\n                        <i class=\"fa fa-circle fa-stack-2x text-primary\"><\/i>\n                        <i class=\"glyphicon glyphicon-tree-conifer\"><\/i>\n                    <\/span>\n                    <h4 class=\"service-heading\"> Background Analysis<\/h4>\n                    <p class=\"text-muted\">A background analysis of the knowledge of partner countries on sustainable mobility and its related issues at local level.<\/p>\n                <\/div>\n                <div class=\"col-md-4\">\n                    <span class=\"fa-stack fa-4x\">\n                        <i class=\"fa fa-circle fa-stack-2x text-primary\"><\/i>\n                        <i class=\"glyphicon glyphicon-heart\"><\/i>\n                    <\/span>\n                    <h4 class=\"service-heading\">E-learning Modules<\/h4>\n                    <p class=\"text-muted\">Two E-learning modules for training civil servants and local biking and environmentalist associations.<\/p>\n                <\/div>\n                <div class=\"col-md-4\">\n                    <span class=\"fa-stack fa-4x\">\n                        <i class=\"fa fa-circle fa-stack-2x text-primary\"><\/i>\n                        <i class=\"glyphicon glyphicon-tint\"><\/i>\n                    <\/span>\n                    <h4 class=\"service-heading\">Toolbox  <\/h4>\n                    <p class=\"text-muted\">A toolbox hat will collect all the tools needed for raising awareness and educate citizens on sustainable mobility habits.<\/p>\n                <\/div>\n            <\/div>\n        <\/div>\n\n\n\n<h2 class=\"has-text-align-center has-x-large-font-size wp-block-heading\" style=\"margin-top:var(--wp--preset--spacing--80);padding-top:var(--wp--preset--spacing--50);padding-right:0;padding-bottom:var(--wp--preset--spacing--50);padding-left:0\">Project Partners<\/h2>\n\n\n\n<div class=\"wp-block-columns is-layout-flex wp-container-core-columns-is-layout-28f84493 wp-block-columns-is-layout-flex\">\n<div class=\"wp-block-column is-layout-flow wp-block-column-is-layout-flow\">\n<div class=\"wp-block-columns is-layout-flex wp-container-core-columns-is-layout-28f84493 wp-block-columns-is-layout-flex\">\n<div class=\"wp-block-column is-layout-flow wp-block-column-is-layout-flow\">\n<figure class=\"wp-block-image aligncenter size-thumbnail\"><img loading=\"lazy\" decoding=\"async\" width=\"150\" height=\"150\" src=\"https:\/\/sola.kau.se\/transit1\/wp-content\/uploads\/sites\/639\/2023\/01\/image-removebg-preview-18-2-150x150.png\" alt=\"\" class=\"wp-image-176\"\/><\/figure>\n<\/div>\n\n\n\n<div class=\"wp-block-column is-layout-flow wp-block-column-is-layout-flow\">\n<figure class=\"wp-block-image aligncenter size-thumbnail\"><img loading=\"lazy\" decoding=\"async\" width=\"150\" height=\"150\" src=\"https:\/\/sola.kau.se\/transit1\/wp-content\/uploads\/sites\/639\/2023\/01\/image-removebg-preview-15-2-150x150.png\" alt=\"\" class=\"wp-image-177\"\/><\/figure>\n<\/div>\n<\/div>\n<\/div>\n\n\n\n<div class=\"wp-block-column is-layout-flow wp-block-column-is-layout-flow\">\n<div class=\"wp-block-columns is-layout-flex wp-container-core-columns-is-layout-28f84493 wp-block-columns-is-layout-flex\">\n<div class=\"wp-block-column is-layout-flow wp-block-column-is-layout-flow\">\n<figure class=\"wp-block-image aligncenter size-thumbnail\"><img loading=\"lazy\" decoding=\"async\" width=\"150\" height=\"150\" src=\"https:\/\/sola.kau.se\/transit1\/wp-content\/uploads\/sites\/639\/2023\/01\/image-removebg-preview-21-150x150.png\" alt=\"\" class=\"wp-image-136\" srcset=\"https:\/\/sola.kau.se\/transit1\/wp-content\/uploads\/sites\/639\/2023\/01\/image-removebg-preview-21-150x150.png 150w, https:\/\/sola.kau.se\/transit1\/wp-content\/uploads\/sites\/639\/2023\/01\/image-removebg-preview-21.png 225w\" sizes=\"auto, (max-width: 150px) 100vw, 150px\" \/><\/figure>\n<\/div>\n\n\n\n<div class=\"wp-block-column is-layout-flow wp-block-column-is-layout-flow\">\n<figure class=\"wp-block-image aligncenter size-medium\"><img loading=\"lazy\" decoding=\"async\" width=\"300\" height=\"163\" src=\"https:\/\/sola.kau.se\/transit1\/wp-content\/uploads\/sites\/639\/2023\/01\/image-removebg-preview-16-1-300x163.png\" alt=\"\" class=\"wp-image-135\" srcset=\"https:\/\/sola.kau.se\/transit1\/wp-content\/uploads\/sites\/639\/2023\/01\/image-removebg-preview-16-1-300x163.png 300w, https:\/\/sola.kau.se\/transit1\/wp-content\/uploads\/sites\/639\/2023\/01\/image-removebg-preview-16-1.png 541w\" sizes=\"auto, (max-width: 300px) 100vw, 300px\" \/><\/figure>\n<\/div>\n<\/div>\n<\/div>\n\n\n\n<div class=\"wp-block-column is-layout-flow wp-block-column-is-layout-flow\">\n<div class=\"wp-block-columns is-layout-flex wp-container-core-columns-is-layout-28f84493 wp-block-columns-is-layout-flex\">\n<div class=\"wp-block-column is-layout-flow wp-block-column-is-layout-flow\">\n<figure class=\"wp-block-image aligncenter size-thumbnail\"><img loading=\"lazy\" decoding=\"async\" width=\"150\" height=\"150\" src=\"https:\/\/sola.kau.se\/transit1\/wp-content\/uploads\/sites\/639\/2023\/01\/image-removebg-preview-22-1-150x150.png\" alt=\"\" class=\"wp-image-173\"\/><\/figure>\n<\/div>\n\n\n\n<div class=\"wp-block-column is-layout-flow wp-block-column-is-layout-flow\">\n<figure class=\"wp-block-image aligncenter size-thumbnail\"><img loading=\"lazy\" decoding=\"async\" width=\"150\" height=\"150\" src=\"https:\/\/sola.kau.se\/transit1\/wp-content\/uploads\/sites\/639\/2023\/01\/image-removebg-preview-14-2-150x150.png\" alt=\"\" class=\"wp-image-178\" srcset=\"https:\/\/sola.kau.se\/transit1\/wp-content\/uploads\/sites\/639\/2023\/01\/image-removebg-preview-14-2-150x150.png 150w, https:\/\/sola.kau.se\/transit1\/wp-content\/uploads\/sites\/639\/2023\/01\/image-removebg-preview-14-2-300x300.png 300w, https:\/\/sola.kau.se\/transit1\/wp-content\/uploads\/sites\/639\/2023\/01\/image-removebg-preview-14-2.png 500w\" sizes=\"auto, (max-width: 150px) 100vw, 150px\" \/><\/figure>\n<\/div>\n<\/div>\n<\/div>\n<\/div>\n<\/div>\n<\/div>\n\n\n\n<p class=\"has-text-align-center has-ast-global-color-2-color has-text-color has-x-large-font-size\" style=\"margin-top:var(--wp--preset--spacing--60);padding-top:var(--wp--preset--spacing--80);font-style:normal;font-weight:700\">Gallery<\/p>\n\n\n\n<figure class=\"wp-block-gallery has-nested-images columns-4 is-cropped wp-block-gallery-1 is-layout-flex wp-block-gallery-is-layout-flex\">\n<figure class=\"wp-block-image size-large\"><a href=\"https:\/\/sola.kau.se\/transit1\/wp-content\/uploads\/sites\/639\/2023\/02\/transit01.jpg\" target=\"_blank\" rel=\"noopener\"><img loading=\"lazy\" decoding=\"async\" width=\"1024\" height=\"768\" data-id=\"468\" src=\"https:\/\/sola.kau.se\/transit1\/wp-content\/uploads\/sites\/639\/2023\/02\/transit01-1024x768.jpg\" alt=\"\" class=\"wp-image-468\" srcset=\"https:\/\/sola.kau.se\/transit1\/wp-content\/uploads\/sites\/639\/2023\/02\/transit01-1024x768.jpg 1024w, https:\/\/sola.kau.se\/transit1\/wp-content\/uploads\/sites\/639\/2023\/02\/transit01-300x225.jpg 300w, https:\/\/sola.kau.se\/transit1\/wp-content\/uploads\/sites\/639\/2023\/02\/transit01-768x576.jpg 768w, https:\/\/sola.kau.se\/transit1\/wp-content\/uploads\/sites\/639\/2023\/02\/transit01-1536x1152.jpg 1536w, https:\/\/sola.kau.se\/transit1\/wp-content\/uploads\/sites\/639\/2023\/02\/transit01.jpg 2048w\" sizes=\"auto, (max-width: 1024px) 100vw, 1024px\" \/><\/a><\/figure>\n\n\n\n<figure class=\"wp-block-image size-full\"><a href=\"https:\/\/sola.kau.se\/transit1\/wp-content\/uploads\/sites\/639\/2023\/02\/transit06.jpg\" target=\"_blank\" rel=\"noopener\"><img loading=\"lazy\" decoding=\"async\" width=\"2048\" height=\"1536\" data-id=\"470\" src=\"https:\/\/sola.kau.se\/transit1\/wp-content\/uploads\/sites\/639\/2023\/02\/transit06.jpg\" alt=\"\" class=\"wp-image-470\" srcset=\"https:\/\/sola.kau.se\/transit1\/wp-content\/uploads\/sites\/639\/2023\/02\/transit06.jpg 2048w, https:\/\/sola.kau.se\/transit1\/wp-content\/uploads\/sites\/639\/2023\/02\/transit06-300x225.jpg 300w, https:\/\/sola.kau.se\/transit1\/wp-content\/uploads\/sites\/639\/2023\/02\/transit06-1024x768.jpg 1024w, https:\/\/sola.kau.se\/transit1\/wp-content\/uploads\/sites\/639\/2023\/02\/transit06-768x576.jpg 768w, https:\/\/sola.kau.se\/transit1\/wp-content\/uploads\/sites\/639\/2023\/02\/transit06-1536x1152.jpg 1536w\" sizes=\"auto, (max-width: 2048px) 100vw, 2048px\" \/><\/a><\/figure>\n\n\n\n<figure class=\"wp-block-image size-large is-style-default\"><a href=\"https:\/\/sola.kau.se\/transit1\/wp-content\/uploads\/sites\/639\/2023\/02\/transit05.jpg\" target=\"_blank\" rel=\"noopener\"><img loading=\"lazy\" decoding=\"async\" width=\"1024\" height=\"768\" data-id=\"469\" src=\"https:\/\/sola.kau.se\/transit1\/wp-content\/uploads\/sites\/639\/2023\/02\/transit05-1024x768.jpg\" alt=\"\" class=\"wp-image-469\" srcset=\"https:\/\/sola.kau.se\/transit1\/wp-content\/uploads\/sites\/639\/2023\/02\/transit05-1024x768.jpg 1024w, https:\/\/sola.kau.se\/transit1\/wp-content\/uploads\/sites\/639\/2023\/02\/transit05-300x225.jpg 300w, https:\/\/sola.kau.se\/transit1\/wp-content\/uploads\/sites\/639\/2023\/02\/transit05-768x576.jpg 768w, https:\/\/sola.kau.se\/transit1\/wp-content\/uploads\/sites\/639\/2023\/02\/transit05-1536x1152.jpg 1536w, https:\/\/sola.kau.se\/transit1\/wp-content\/uploads\/sites\/639\/2023\/02\/transit05.jpg 1600w\" sizes=\"auto, (max-width: 1024px) 100vw, 1024px\" \/><\/a><\/figure>\n\n\n\n<figure class=\"wp-block-image size-large\"><a href=\"https:\/\/sola.kau.se\/transit1\/wp-content\/uploads\/sites\/639\/2023\/02\/transit04.jpg\" target=\"_blank\" rel=\"noopener\"><img loading=\"lazy\" decoding=\"async\" width=\"1024\" height=\"768\" data-id=\"472\" src=\"https:\/\/sola.kau.se\/transit1\/wp-content\/uploads\/sites\/639\/2023\/02\/transit04-1024x768.jpg\" alt=\"\" class=\"wp-image-472\" srcset=\"https:\/\/sola.kau.se\/transit1\/wp-content\/uploads\/sites\/639\/2023\/02\/transit04-1024x768.jpg 1024w, https:\/\/sola.kau.se\/transit1\/wp-content\/uploads\/sites\/639\/2023\/02\/transit04-300x225.jpg 300w, https:\/\/sola.kau.se\/transit1\/wp-content\/uploads\/sites\/639\/2023\/02\/transit04-768x576.jpg 768w, https:\/\/sola.kau.se\/transit1\/wp-content\/uploads\/sites\/639\/2023\/02\/transit04-1536x1152.jpg 1536w, https:\/\/sola.kau.se\/transit1\/wp-content\/uploads\/sites\/639\/2023\/02\/transit04.jpg 2048w\" sizes=\"auto, (max-width: 1024px) 100vw, 1024px\" \/><\/a><\/figure>\n\n\n\n<figure class=\"wp-block-image size-large\"><a href=\"https:\/\/sola.kau.se\/transit1\/wp-content\/uploads\/sites\/639\/2023\/02\/transit03.jpg\" target=\"_blank\" rel=\"noopener\"><img loading=\"lazy\" decoding=\"async\" width=\"1024\" height=\"768\" data-id=\"473\" src=\"https:\/\/sola.kau.se\/transit1\/wp-content\/uploads\/sites\/639\/2023\/02\/transit03.jpg\" alt=\"\" class=\"wp-image-473\" srcset=\"https:\/\/sola.kau.se\/transit1\/wp-content\/uploads\/sites\/639\/2023\/02\/transit03.jpg 1024w, https:\/\/sola.kau.se\/transit1\/wp-content\/uploads\/sites\/639\/2023\/02\/transit03-300x225.jpg 300w, https:\/\/sola.kau.se\/transit1\/wp-content\/uploads\/sites\/639\/2023\/02\/transit03-768x576.jpg 768w\" sizes=\"auto, (max-width: 1024px) 100vw, 1024px\" \/><\/a><\/figure>\n\n\n\n<figure class=\"wp-block-image size-large\"><a href=\"https:\/\/sola.kau.se\/transit1\/wp-content\/uploads\/sites\/639\/2023\/02\/transit02.jpg\" target=\"_blank\" rel=\"noopener\"><img loading=\"lazy\" decoding=\"async\" width=\"1024\" height=\"768\" data-id=\"471\" src=\"https:\/\/sola.kau.se\/transit1\/wp-content\/uploads\/sites\/639\/2023\/02\/transit02.jpg\" alt=\"\" class=\"wp-image-471\" srcset=\"https:\/\/sola.kau.se\/transit1\/wp-content\/uploads\/sites\/639\/2023\/02\/transit02.jpg 1024w, https:\/\/sola.kau.se\/transit1\/wp-content\/uploads\/sites\/639\/2023\/02\/transit02-300x225.jpg 300w, https:\/\/sola.kau.se\/transit1\/wp-content\/uploads\/sites\/639\/2023\/02\/transit02-768x576.jpg 768w\" sizes=\"auto, (max-width: 1024px) 100vw, 1024px\" \/><\/a><\/figure>\n<\/figure>\n\n\n\n<!--\n<div class=\"container-block\">\n<div id=\"images-slider\">\n\n\n\n\n<div class=\"image-holder\">\n   <img decoding=\"async\" src=\"https:\/\/scontent.fbma6-1.fna.fbcdn.net\/v\/t39.30808-6\/310605955_478036141043930_348547488489266900_n.jpg?_nc_cat=111&amp;ccb=1-7&amp;_nc_sid=730e14&amp;_nc_ohc=g2Ca5z2M0twAX_JYPVF&amp;_nc_ht=scontent.fbma6-1.fna&amp;oh=00_AfByusydg1-HhqzRsttIe8bWovvtVmKaFdht9O9Opmry4w&amp;oe=63E0A86C\" alt=\"\" class=\"image-content-slide\" id=\"slide-one-image\">\n  <img decoding=\"async\" src=\"https:\/\/scontent.fbma6-1.fna.fbcdn.net\/v\/t39.30808-6\/310401780_478034864377391_8999521679369187648_n.jpg?_nc_cat=102&amp;ccb=1-7&amp;_nc_sid=730e14&amp;_nc_ohc=Xfxtf5BDoLoAX8gmiul&amp;tn=fVe2OZrAPKtRcFrI&amp;_nc_ht=scontent.fbma6-1.fna&amp;oh=00_AfA_60rDMGjSHF2CzO0lJYiwTX2fCFzWuK7lx1-8gOD5og&amp;oe=63E02D40\" alt=\"\" class=\"image-content-slide\" id=\"slide-two-image\">\n  <img decoding=\"async\" src=\"https:\/\/scontent.fbma6-1.fna.fbcdn.net\/v\/t39.30808-6\/310605955_478036141043930_348547488489266900_n.jpg?_nc_cat=111&amp;ccb=1-7&amp;_nc_sid=730e14&amp;_nc_ohc=g2Ca5z2M0twAX_JYPVF&amp;_nc_ht=scontent.fbma6-1.fna&amp;oh=00_AfByusydg1-HhqzRsttIe8bWovvtVmKaFdht9O9Opmry4w&amp;oe=63E0A86C\" alt=\"\" class=\"image-content-slide\" id=\"slide-three-image\">\n  <i class=\"thumbnail-highlted-one thumbnail-highlted\">&nbsp;<\/i><i class=\"thumbnail-highlted-two thumbnail-highlted\">&nbsp;<\/i><i class=\"thumbnail-highlted-three thumbnail-highlted\">&nbsp;<\/i>\n<\/div>\n<div class=\"thumbnails-block\">\n    <label for=\"slide-one\" class=\"slide-thumbnail\" id=\"slide-one-header\">&nbsp;<\/label>\n    <label for=\"slide-two\" class=\"slide-thumbnail\" id=\"slide-two-header\">&nbsp;<\/label>\n <label for=\"slide-three\" class=\"slide-thumbnail\" id=\"slide-three-header\">&nbsp;<\/label>   \n<\/div>\n<\/div>\n<\/div>\n-->\n\n\n\n<!--\n<footer class=\"site-footer\">\n      <div class=\"container\">\n        <div class=\"row\">\n          <div class=\"col-sm-12 col-md-6\">\n            <h6>About<\/h6>\n            <p class=\"text-justify\">Transit is a 3-year Erasmus+ project started in January 2021 and involves seven partners from four countries: Italy, Sweden, Greece and Spain.\n<br>\nThe project aims at raising awareness, while stimulating behavioural change, about sustainable mobility through the development of informal training paths for workers, families, and young adults, by stressing the importance of using more sustainable means of transportations as part of broader efforts at EU level towards the creation of a more sustainable and healthier society..<\/p>\n               <div class=\"col-md-4 col-sm-6 col-xs-12\">\n            <ul class=\"social-icons\">\n              <li><a class=\"facebook\" href=\"#\"><i class=\"fa fa-facebook\"><\/i><\/a><\/li>\n              <li><a class=\"twitter\" href=\"#\"><i class=\"fa fa-twitter\"><\/i><\/a><\/li>\n             \n              <li><a class=\"linkedin\" href=\"#\"><i class=\"fa fa-linkedin\"><\/i><\/a><\/li>   \n            <\/ul>\n          <\/div>\n          <\/div>\n\n          <div class=\"col-xs-6 col-md-3\">\n            <h6>FORSKNINGSPROJEKT<\/h6>\n            <ul class=\"footer-links\">\n              <li><a href=\"https:\/\/www.kau.se\/statsvetenskap\/forskningsprojekt\/cosie-co-creation-service-innovation-europe\">COSIE<\/a><\/li><br>\n              <li><a href=\"https:\/\/www.kau.se\/innovativa-sociala-satsningar-for-nyanlanda-ensamkommande-ungas-integration-i-sverige\">INNOVATIVA SOCIALA SATSNINGAR F\u00d6R NYANL\u00c4NDA ENSAMKOMMANDE UNGAS INTEGRATION I SVERIGE<\/a><\/li><br>\n              <li><a href=\"https:\/\/www.kau.se\/statsvetenskap\/forskningsprojekt\/welcome-wpr-network\">INTERNATIONAL SYMPOSIUM ON CRITICAL POLICY STUDIES<\/a><\/li><br>\n              <li><a href=\"http:\/\/scanfcode.com\/category\/java-programming-language\/\">SAMH\u00c4LLSRESILIENS I SVERIGE, STYRNING, \"SAMH\u00c4LLSRESILIENS I SVERIGE, STYRNING, SOCIALA N\u00c4TVERK OCH L\u00c4RANDE<\/a><\/li><br>\n              <li><a href=\"https:\/\/www.kau.se\/transit\">TRANSIT<\/a><\/li>\n            \n            <\/ul>\n          <\/div>\n\n          <div class=\"col-xs-6 col-md-3\">\n            <h6>Partners Quick Links <\/h6>\n            <ul class=\"footer-links\">\n              <li><a href=\"https:\/\/abegondo.gal\/es\/inicio\/\">Ayuntamiento de Abegondo<\/a><\/li>\n              <li><a href=\"https:\/\/database.coeducationingreen.eu\/astra-portfolio\/ecocity\/\">ECOCITY (NGO)<\/a><\/li>\n              <li><a href=\"https:\/\/karlstad.se\/\">Karlstad Municipality<\/a><\/li>\n              <li><a href=\"https:\/\/karlstad.se\/\">Karlstad University<\/a><\/li>\n              <li><a href=\"https:\/\/www.sern.eu\/\">SERN<\/a><\/li>\n               <li><a href=\"https:\/\/lepida.net\/en\/digital-integrations\/eu-projects\">Lepida SCPA<\/a><\/li>\n            <\/ul>\n          <\/div>\n        <\/div>\n        <hr>\n      <\/div>\n      <div class=\"container\">\n        <div class=\"row\">\n          <div class=\"col-md-8 col-sm-6 col-xs-12\">\n            <p class=\"copyright-text\">Copyright \u00a9 2023 All Rights Reserved by \n         <a href=\"#\">Transit<\/a>.\n            <\/p>\n          <\/div>\n\n       \n        <\/div>\n      <\/div>\n<\/footer>\n-->\n","protected":false},"excerpt":{"rendered":"<p>About Transit Transit is a 3-year Erasmus+ project started in January 2021 and involves seven partners from four countries: Italy, Sweden, Greece and Spain. The project aims at raising awareness while stimulating behavioural change, about sustainable mobility through the development of informal training paths for workers, families, and young adults, by stressing the importance of [&hellip;]<\/p>\n","protected":false},"author":4248,"featured_media":0,"parent":0,"menu_order":0,"comment_status":"closed","ping_status":"closed","template":"","meta":{"site-sidebar-layout":"default","site-content-layout":"","ast-site-content-layout":"default","site-content-style":"default","site-sidebar-style":"default","ast-global-header-display":"","ast-banner-title-visibility":"","ast-main-header-display":"","ast-hfb-above-header-display":"","ast-hfb-below-header-display":"","ast-hfb-mobile-header-display":"","site-post-title":"","ast-breadcrumbs-content":"","ast-featured-img":"","footer-sml-layout":"","ast-disable-related-posts":"","theme-transparent-header-meta":"","adv-header-id-meta":"","stick-header-meta":"","header-above-stick-meta":"","header-main-stick-meta":"","header-below-stick-meta":"","astra-migrate-meta-layouts":"default","ast-page-background-enabled":"default","ast-page-background-meta":{"desktop":{"background-color":"var(--ast-global-color-4)","background-image":"","background-repeat":"repeat","background-position":"center center","background-size":"auto","background-attachment":"scroll","background-type":"","background-media":"","overlay-type":"","overlay-color":"","overlay-opacity":"","overlay-gradient":""},"tablet":{"background-color":"","background-image":"","background-repeat":"repeat","background-position":"center center","background-size":"auto","background-attachment":"scroll","background-type":"","background-media":"","overlay-type":"","overlay-color":"","overlay-opacity":"","overlay-gradient":""},"mobile":{"background-color":"","background-image":"","background-repeat":"repeat","background-position":"center center","background-size":"auto","background-attachment":"scroll","background-type":"","background-media":"","overlay-type":"","overlay-color":"","overlay-opacity":"","overlay-gradient":""}},"ast-content-background-meta":{"desktop":{"background-color":"var(--ast-global-color-5)","background-image":"","background-repeat":"repeat","background-position":"center center","background-size":"auto","background-attachment":"scroll","background-type":"","background-media":"","overlay-type":"","overlay-color":"","overlay-opacity":"","overlay-gradient":""},"tablet":{"background-color":"var(--ast-global-color-5)","background-image":"","background-repeat":"repeat","background-position":"center center","background-size":"auto","background-attachment":"scroll","background-type":"","background-media":"","overlay-type":"","overlay-color":"","overlay-opacity":"","overlay-gradient":""},"mobile":{"background-color":"var(--ast-global-color-5)","background-image":"","background-repeat":"repeat","background-position":"center center","background-size":"auto","background-attachment":"scroll","background-type":"","background-media":"","overlay-type":"","overlay-color":"","overlay-opacity":"","overlay-gradient":""}},"footnotes":""},"class_list":["post-57","page","type-page","status-publish","hentry"],"_links":{"self":[{"href":"https:\/\/sola.kau.se\/transit1\/wp-json\/wp\/v2\/pages\/57","targetHints":{"allow":["GET"]}}],"collection":[{"href":"https:\/\/sola.kau.se\/transit1\/wp-json\/wp\/v2\/pages"}],"about":[{"href":"https:\/\/sola.kau.se\/transit1\/wp-json\/wp\/v2\/types\/page"}],"author":[{"embeddable":true,"href":"https:\/\/sola.kau.se\/transit1\/wp-json\/wp\/v2\/users\/4248"}],"replies":[{"embeddable":true,"href":"https:\/\/sola.kau.se\/transit1\/wp-json\/wp\/v2\/comments?post=57"}],"version-history":[{"count":143,"href":"https:\/\/sola.kau.se\/transit1\/wp-json\/wp\/v2\/pages\/57\/revisions"}],"predecessor-version":[{"id":1141,"href":"https:\/\/sola.kau.se\/transit1\/wp-json\/wp\/v2\/pages\/57\/revisions\/1141"}],"wp:attachment":[{"href":"https:\/\/sola.kau.se\/transit1\/wp-json\/wp\/v2\/media?parent=57"}],"curies":[{"name":"wp","href":"https:\/\/api.w.org\/{rel}","templated":true}]}}