 {"id":12,"date":"2025-11-18T08:17:28","date_gmt":"2025-11-18T08:17:28","guid":{"rendered":"https:\/\/sola.kau.se\/transresearchplatform\/?page_id=12"},"modified":"2026-02-24T07:47:30","modified_gmt":"2026-02-24T07:47:30","slug":"people-and-projects","status":"publish","type":"page","link":"https:\/\/sola.kau.se\/transresearchplatform\/people-and-projects\/","title":{"rendered":"Events"},"content":{"rendered":"\n<p><\/p>\n\n\n\n<p class=\"has-x-large-font-size\"><strong>2026 <\/strong><\/p>\n\n\n\n<hr class=\"wp-block-separator has-alpha-channel-opacity is-style-default\" \/>\n\n\n\n<p class=\"has-medium-font-size\"><strong>February 27th, 15.00 &#8211; 16.30<\/strong> <strong>CET, online<\/strong><\/p>\n\n\n\n<p class=\"has-large-font-size\"><strong>Launch<\/strong> <strong>of TGV (Tidskrift f\u00f6r genusvetenskap) Special Issue <\/strong><\/p>\n\n\n\n<p class=\"has-large-font-size\"><strong>&#8220;Trans Autoethnographies&#8221; <\/strong><\/p>\n\n\n\n<p>Join us for online event to celebrate the new special issue co-hosted by the Nordic Trans Studies Network and the Trans Studies Research Platform at Karlstad University. The event will start with <strong>Trans Studies scholar Erika Alm <\/strong>(University of Gothenburg) sharing their impressions of the special issue, followed by short presentations from some of the authors and artists who have contributed to the issue. At the end of the event we will have time for a discussion and making plans for future collaborations and projects on trans autoethnographic work. You can read <a href=\"https:\/\/publicera.kb.se\/tgv\/issue\/view\/5303\">the whole wonderful issue here.<\/a><\/p>\n\n\n\n<p>To join the event:<\/p>\n\n\n\n<p><a href=\"https:\/\/helsinki.zoom.us\/w\/66941025176?tk=G-53v4qGUScNxu26h2EWiOJzUExh55OOiacSVYZzPVI.DQkAAAAPlf77mBZwT2NIcWZRc1IxVzM0ZVNyRF8yelJnAAAAAAAAAAAAAAAAAAAAAAAAAAAAAAAAAAAAAAAAAAA#success\">https:\/\/helsinki.zoom.us\/w\/66941025176?tk=G-53v4qGUScNxu26h2EWiOJzUExh55OOiacSVYZzPVI.DQkAAAAPlf77mBZwT2NIcWZRc1IxVzM0ZVNyRF8yelJnAAAAAAAAAAAAAAAAAAAAAAAAAAAAAAAAAAAAAAAAAAA#success<\/a><\/p>\n\n\n\n<div style=\"height:100px\" aria-hidden=\"true\" class=\"wp-block-spacer\"><\/div>\n\n\n\n<p><\/p>\n\n\n\n<p class=\"has-medium-font-size\"><strong>March 2 &#8211; 14, 2026<\/strong><\/p>\n\n\n\n<p class=\"has-large-font-size\"><strong>Trans Research Residency Spring 2026<\/strong><\/p>\n\n\n\n<p>With Iwo Nord (DIS Stockholm\/S\u00f6dert\u00f6rn University), Athulya Purushothaman (University of Helsinki), Flora L\u00f6ffelmann (University of Vienna), and Dr. Toby Odland (\u00d6rebro University).<\/p>\n\n\n\n<div style=\"height:100px\" aria-hidden=\"true\" class=\"wp-block-spacer\"><\/div>\n\n\n\n<p>And many more events are in the making &#8211; we&#8217;ll update this page soon!<\/p>\n\n\n\n<div style=\"height:100px\" aria-hidden=\"true\" class=\"wp-block-spacer\"><\/div>\n\n\n\n<p><\/p>\n\n\n\n<p><\/p>\n\n\n\n<p><\/p>\n\n\n\n<p class=\"has-x-large-font-size\"><strong>2025<\/strong><\/p>\n\n\n\n<p><\/p>\n\n\n\n<p><strong>Higher Seminar | Transgender Studies Research Platform | Karlstad University | Date and Time: 17 December, 10.30 \u2013 12.00<\/strong><\/p>\n\n\n\n<p class=\"has-large-font-size\"><strong>Annette Br\u00f6mdal (University of Southern Queensland, Australia)<\/strong><\/p>\n\n\n\n<p><strong>Perspectives on Successful Ageing among Indigenous, BIPOC and White Australian Trans, Non-Binary and LGBTQ+ People<\/strong><\/p>\n\n\n\n<p>Drawing on contemporary understandings of successful ageing as a multidimensional concept, Netta Br\u00f6mdal will present an exploratory study aimed to address a critical gap in the literature by examining the unique perceptions, expectations, and hopes of trans, non-binary and overall LGBT+ people regarding successful ageing. Given the historical and ongoing discrimination faced by these communities, understanding perceptions of successful ageing is vital. Concepts of successful ageing spanned physical, mental, and emotional health and social connections. These insights provide opportunities for tailoring the enhancement and provision of services to better address the expectations and hopes of LGBT, and the indigenous sistergirl and brotherboy people ageing in Australia.<\/p>\n\n\n\n<p><strong>Prof Annette Br\u00f6mdal<\/strong> (Netta\/they\/them), Associate Professor, is based at UniSQ, Australia and leads the Sexuality and Gender Research Program Team, focusing on health promotion, bodies, gender, and sexuality through co-designed research with indigenous LGBTQIA+ Sistergirl and Brotherboy communities. They have had their work cited by the UN report \u201cMapping of Good Practices for the Management of Transgender Prisoners\u201d (2020), the recent World Professional Association for Transgender Health&#8217;s \u201cStandards of Care\u201d Version 8 (SOC-8; 2022) and are an Editorial Board member for the <em>International Journal of Transgender Health.<\/em><\/p>\n\n\n\n<div style=\"height:100px\" aria-hidden=\"true\" class=\"wp-block-spacer\"><\/div>\n\n\n\n<p><\/p>\n\n\n\n<p><strong>Online Higher Seminar | Transgender Studies Research Platform |&nbsp;Karlstad University&nbsp;| Date: 15 December, 2025 | Time: 15.15 &#8211; 16.45 CET<\/strong><\/p>\n\n\n\n<p class=\"has-large-font-size\"><strong>Sofia Aboim (University of Lisbon, Portugal)<\/strong><\/p>\n\n\n\n<p><strong>The Return of the Binary: Gender Fields and the Far-Right Politics of Scapegoating<\/strong><\/p>\n\n\n\n<p>In recent years, gender has become a key battlefield in the rise of far-right populism worldwide, with reactionary movements transforming it into a symbolic fault line through which broader crises of democracy, belonging and social order are fought. Drawing on the framework developed in Gender Fields: The Social Organisation of Gender Identity (Routledge, 2025), this lecture explores how the far right has reconfigured the field of gender into a site of moral panic, scapegoating and renewed binary thinking.&nbsp;<\/p>\n\n\n\n<p>While past decades have seen an unprecedented expansion of trans visibility and gender self-determination, a counter-movement is now emerging that seeks to restore ontological hierarchies and reimpose rigid boundaries of sex and identity. Through examples from Europe and beyond, this talk analyses how gender is weaponised to mobilise resentment, discipline diversity and normalise inequality. Rather than merely signalling regression, the far right&#8217;s mobilisation of gender reveals a profound transformation within the field itself, where struggles over recognition, embodiment, and freedom are defining the contours of contemporary democracy and its discontents.<\/p>\n\n\n\n<p><strong>Prof. Sofia Aboim<\/strong>&nbsp;is Research Professor of Sociology at the Institute of Social Sciences, University of Lisbon. Having led an ERC-funded Consolidator Grant, her work focuses on the intersection of gender, sexuality, race and power. Her current research, which draws on fieldwork in Mozambique and Cape Verde, examines racialised masculinities, mobilities, and racial capitalism in postcolonial African contexts within the historical borders of the former Portuguese Empire. She is also working on two projects: Colonial Senses, which considers colonialism a sensory regime shaping perception and inequality, and Labouring Bodies, which examines trans sex work, materiality, and embodied labour through comparative ethnographies of trans migrant sex workers from Latin America and Southeast Asia.<\/p>\n\n\n\n<div style=\"height:100px\" aria-hidden=\"true\" class=\"wp-block-spacer\"><\/div>\n\n\n\n<p><strong>Higher Seminar | Centre for Gender Studies | Karlstad University | Date and time: June 3, 13.30 \u2013 15.00 CET, 2025<\/strong><\/p>\n\n\n\n<p class=\"has-large-font-size\"><strong>Ruth Pearce (University of Glasgow, Scotland, UK)<\/strong><\/p>\n\n\n\n<p><strong>Trans Pregnancy and the Future of Gender<\/strong><\/p>\n\n\n\n<p>The figure of the \u201cpregnant man\u201d has been the subject of extensive hyperbole and moral panic. These portrayals contrast greatly with the grounded materiality of trans parents\u2019 lives. The reality is that many trans men and non-binary people are born with a uterus and ovaries. They are therefore potentially capable of conceiving, carrying, and giving birth to a child.<\/p>\n\n\n\n<p>This talk will look broadly at the experiences, needs, and perspectives of trans birth parents from a trans feminist perspective. It will draw on findings from across two studies which together engaged with over a hundred individuals: the international, qualitative Trans Pregnancy project (2017-2021), and the mixed-methods English research project Improving Trans Experiences of Maternity Services (2020-2021). Key topics will include pathways to conception, the role of perinatal services, the impact of hormone use, pregnancy loss, gender-based violence, and fatness.<\/p>\n\n\n\n<p>With more trans people giving birth every year, this talk will emphasise the importance of centring lived experience rather than sensationalism. In contrast to commentaries that seek to pit the needs of women and trans people against one another, it will argue for collaboration across shared interests, transforming both social discourse and service provision for all mothers, all fathers, all parents.<\/p>\n\n\n\n<p><strong>Dr Ruth Pearce<\/strong> is Lecturer in Community Development at the University of Glasgow, Scotland, and Senior Fellow at the Center for Applied Transgender Studies in Chicago, USA. Her research explores themes of inequality, marginalisation, power, and transformative political struggle from a trans feminist perspective. She is the author of&nbsp;<em>Understanding Trans Health<\/em>&nbsp;(Policy Press, 2018), has co-edited the books&nbsp;<em>The Emergence of Trans&nbsp;<\/em>(Routledge, 2019) and&nbsp;<em>TERF Wars<\/em>&nbsp;(Sage, 2020), and is currently co-editor of the&nbsp;<em>Community Development Journal<\/em>. Ruth also plays bass guitar in the noise-pop band wormboys, and blogs at<a href=\"http:\/\/ruthpearce.net\/\">http:\/\/ruthpearce.net<\/a>.<\/p>\n\n\n\n<p><\/p>\n\n\n\n<p><\/p>\n","protected":false},"excerpt":{"rendered":"<p>2026 February 27th, 15.00 &#8211; 16.30 CET, online Launch of TGV (Tidskrift f\u00f6r genusvetenskap) Special Issue &#8220;Trans Autoethnographies&#8221; Join us for online event to celebrate the new special issue co-hosted by the Nordic Trans Studies Network and the Trans Studies Research Platform at Karlstad University. The event will start with Trans Studies scholar Erika Alm [&hellip;]<\/p>\n","protected":false},"author":569,"featured_media":0,"parent":0,"menu_order":0,"comment_status":"closed","ping_status":"closed","template":"","meta":{"footnotes":""},"class_list":["post-12","page","type-page","status-publish","hentry"],"_links":{"self":[{"href":"https:\/\/sola.kau.se\/transresearchplatform\/wp-json\/wp\/v2\/pages\/12","targetHints":{"allow":["GET"]}}],"collection":[{"href":"https:\/\/sola.kau.se\/transresearchplatform\/wp-json\/wp\/v2\/pages"}],"about":[{"href":"https:\/\/sola.kau.se\/transresearchplatform\/wp-json\/wp\/v2\/types\/page"}],"author":[{"embeddable":true,"href":"https:\/\/sola.kau.se\/transresearchplatform\/wp-json\/wp\/v2\/users\/569"}],"replies":[{"embeddable":true,"href":"https:\/\/sola.kau.se\/transresearchplatform\/wp-json\/wp\/v2\/comments?post=12"}],"version-history":[{"count":55,"href":"https:\/\/sola.kau.se\/transresearchplatform\/wp-json\/wp\/v2\/pages\/12\/revisions"}],"predecessor-version":[{"id":268,"href":"https:\/\/sola.kau.se\/transresearchplatform\/wp-json\/wp\/v2\/pages\/12\/revisions\/268"}],"wp:attachment":[{"href":"https:\/\/sola.kau.se\/transresearchplatform\/wp-json\/wp\/v2\/media?parent=12"}],"curies":[{"name":"wp","href":"https:\/\/api.w.org\/{rel}","templated":true}]}}