 {"id":37,"date":"2020-05-26T09:58:16","date_gmt":"2020-05-26T09:58:16","guid":{"rendered":"https:\/\/sola.kau.se\/upekau\/?page_id=37"},"modified":"2020-06-23T09:26:28","modified_gmt":"2020-06-23T09:26:28","slug":"hostterminsstart-online-for-programledare","status":"publish","type":"page","link":"https:\/\/sola.kau.se\/upekau\/hostterminsstart-online-for-programledare\/","title":{"rendered":"Workshop i tv\u00e5 delar f\u00f6r dig som \u00e4r programledare\/ kursansvarig och just nu planerar f\u00f6r programstart under os\u00e4kra f\u00f6ruts\u00e4ttningar"},"content":{"rendered":"\n<hr class=\"wp-block-separator\" \/>\n\n\n\n<h2 class=\"wp-block-heading\">Anm\u00e4lan H\u00f6stterminsstart online<\/h2>\n\n\n\n<p>Nya riktlinjer har f\u00f6r\u00e4ndrat f\u00f6ruts\u00e4ttningarna. Hur mycket online kommer vi att beh\u00f6va vid programstarten och i f\u00f6rsta kurserna? Vilka situationer m\u00e5ste vi ha beredskap f\u00f6r?<\/p>\n\n\n\n<p>Vi kommer att visa och hitta v\u00e4gar f\u00f6r hur ni kan starta era utbildningsprogram och de f\u00f6rsta kurserna om studenterna inte kommer att finnas p\u00e5 campus i den vanliga utstr\u00e4ckningen.<\/p>\n\n\n\n<h4 class=\"wp-block-heading\">Workshop 1<\/h4>\n\n\n\n<ul class=\"wp-block-list\"><li>Vad vill ni \u00e5stadkomma?&nbsp; <em>Interaktiv inventering av era utmaningar och id\u00e9er.<\/em><\/li><li>Vad \u00e4r annorlunda online?  <em>Hur skapar jag en fungerande studiemilj\u00f6 f\u00f6r studenterna om de inte finns p\u00e5 campus som vanligt? <\/em><\/li><li>Hur g\u00f6r jag d\u00e5? \u2013 <em>Konkreta handgrepp i v\u00e5ra verktyg.<\/em><\/li><li>Vem beh\u00f6ver ni bjuda in? \u2013 <em>Inf\u00f6r workshop 2<\/em><\/li><\/ul>\n\n\n\n<h4 class=\"wp-block-heading\">Workshop 2<\/h4>\n\n\n\n<ul class=\"wp-block-list\"><li>Open Space \u2013 <em>agendaskrivande\nutifr\u00e5n vad ni beh\u00f6ver och vad ni kan bidra med<\/em><\/li><\/ul>\n\n\n\n<p>Varje workshop \u00e4r p\u00e5 2 timmar och genomf\u00f6rs via zoom. L\u00e4nk kommer i bekr\u00e4ftelsen.<\/p>\n\n\n\n<p><\/p>\n\n\n\n\n\n<p>H\u00f6r av dig till <a href=\"mailto:upe@kau.se\">upe@kau.se<\/a> om du har fr\u00e5gor om workshopparna. <\/p>\n","protected":false},"excerpt":{"rendered":"<p>Anm\u00e4lan H\u00f6stterminsstart online Nya riktlinjer har f\u00f6r\u00e4ndrat f\u00f6ruts\u00e4ttningarna. Hur mycket online kommer vi att beh\u00f6va vid programstarten och i f\u00f6rsta kurserna? Vilka situationer m\u00e5ste vi ha beredskap f\u00f6r? Vi kommer att visa och hitta v\u00e4gar f\u00f6r hur ni kan starta era utbildningsprogram och de f\u00f6rsta kurserna om studenterna inte kommer att finnas p\u00e5 campus i [&#8230;]<\/p>\n<p><a class=\"btn btn-secondary understrap-read-more-link\" href=\"https:\/\/sola.kau.se\/upekau\/hostterminsstart-online-for-programledare\/\">Read More&#8230;<\/a><\/p>\n","protected":false},"author":48,"featured_media":0,"parent":0,"menu_order":0,"comment_status":"closed","ping_status":"closed","template":"","meta":{"footnotes":""},"class_list":["post-37","page","type-page","status-publish","hentry"],"_links":{"self":[{"href":"https:\/\/sola.kau.se\/upekau\/wp-json\/wp\/v2\/pages\/37","targetHints":{"allow":["GET"]}}],"collection":[{"href":"https:\/\/sola.kau.se\/upekau\/wp-json\/wp\/v2\/pages"}],"about":[{"href":"https:\/\/sola.kau.se\/upekau\/wp-json\/wp\/v2\/types\/page"}],"author":[{"embeddable":true,"href":"https:\/\/sola.kau.se\/upekau\/wp-json\/wp\/v2\/users\/48"}],"replies":[{"embeddable":true,"href":"https:\/\/sola.kau.se\/upekau\/wp-json\/wp\/v2\/comments?post=37"}],"version-history":[{"count":33,"href":"https:\/\/sola.kau.se\/upekau\/wp-json\/wp\/v2\/pages\/37\/revisions"}],"predecessor-version":[{"id":122,"href":"https:\/\/sola.kau.se\/upekau\/wp-json\/wp\/v2\/pages\/37\/revisions\/122"}],"wp:attachment":[{"href":"https:\/\/sola.kau.se\/upekau\/wp-json\/wp\/v2\/media?parent=37"}],"curies":[{"name":"wp","href":"https:\/\/api.w.org\/{rel}","templated":true}]}}