 {"id":303,"date":"2021-09-05T19:56:09","date_gmt":"2021-09-05T19:56:09","guid":{"rendered":"https:\/\/sola.kau.se\/upekonferens2021\/?page_id=303"},"modified":"2021-09-08T06:58:03","modified_gmt":"2021-09-08T06:58:03","slug":"the-teaching-hand-in-remote-accounting-education-bringing-mirror-neurons-into-the-debate","status":"publish","type":"page","link":"https:\/\/sola.kau.se\/upekonferens2021\/sample-page\/the-teaching-hand-in-remote-accounting-education-bringing-mirror-neurons-into-the-debate\/","title":{"rendered":"The teaching hand in remote accounting education: bringing mirror neurons into the debate"},"content":{"rendered":"\n<p><strong>F\u00f6rfattare:<\/strong> <a href=\"https:\/\/inslaget.kau.se\/users\/katharina-rahnert\" target=\"_blank\" rel=\"noreferrer noopener\">Katharina Rahnert<\/a><br><strong>Institution\/enhet<\/strong>: Handelsh\u00f6gskolan<br><strong>\u00c4mne:<\/strong> F\u00f6retagsekonomi<\/p>\n\n\n\n<p>This study sheds light on the challenges of communicating knowledge in remote accounting education that would normally be demonstrated on a blackboard or whiteboard. In a synchronous online education setting, the study investigated whether students\u2019 learning experience is facilitated by observing the instructor\u2019s hand while examples are demonstrated. Students of two courses in fundamental accounting observed four demonstrations where the conditions <em>instructor\u2019s hand visible\/not visible<\/em> were alternated using a document camera (hand visible) and a writing pad (hand not visible). The study also explored the reasons for students\u2019 preferences for demonstrations with or without visible hands. In terms of theory, the study contributes to previous research on cognitive load theory and social agency theory. Providing helpful directions for instructional design, the findings indicate that observing the instructor\u2019s hand facilitates students\u2019 learning experience to a considerably higher degree than not observing the instructor\u2019s hand. Preferences for demonstrations with visible hands primarily relate to embodied cognition effects that are generated when observing and imitating human movement due to the mirror neuron system. Other explanations relate to social cue advantages \u2013 observing the instructor\u2019s hand induces a feeling of connectedness, which in turn enhances cognitive engagement.<\/p>\n\n\n\n<p><strong>Keywords:<\/strong> accounting education; remote teaching; mirror neurons; cognitive load theory; connectedness; social agency theory<\/p>\n\n\n\n<p><\/p>\n","protected":false},"excerpt":{"rendered":"<p>F\u00f6rfattare: Katharina RahnertInstitution\/enhet: Handelsh\u00f6gskolan\u00c4mne: F\u00f6retagsekonomi This study sheds light on the challenges of communicating knowledge in remote accounting education that would normally be demonstrated on a blackboard or whiteboard. In a synchronous online education setting, the study investigated whether students\u2019 learning experience is facilitated by observing the instructor\u2019s hand while examples are demonstrated. Students of [&hellip;]<\/p>\n","protected":false},"author":43,"featured_media":0,"parent":2,"menu_order":0,"comment_status":"closed","ping_status":"closed","template":"templates\/template-full-width.php","meta":{"footnotes":""},"class_list":["post-303","page","type-page","status-publish","hentry","post","no-featured-image"],"_links":{"self":[{"href":"https:\/\/sola.kau.se\/upekonferens2021\/wp-json\/wp\/v2\/pages\/303","targetHints":{"allow":["GET"]}}],"collection":[{"href":"https:\/\/sola.kau.se\/upekonferens2021\/wp-json\/wp\/v2\/pages"}],"about":[{"href":"https:\/\/sola.kau.se\/upekonferens2021\/wp-json\/wp\/v2\/types\/page"}],"author":[{"embeddable":true,"href":"https:\/\/sola.kau.se\/upekonferens2021\/wp-json\/wp\/v2\/users\/43"}],"replies":[{"embeddable":true,"href":"https:\/\/sola.kau.se\/upekonferens2021\/wp-json\/wp\/v2\/comments?post=303"}],"version-history":[{"count":2,"href":"https:\/\/sola.kau.se\/upekonferens2021\/wp-json\/wp\/v2\/pages\/303\/revisions"}],"predecessor-version":[{"id":360,"href":"https:\/\/sola.kau.se\/upekonferens2021\/wp-json\/wp\/v2\/pages\/303\/revisions\/360"}],"up":[{"embeddable":true,"href":"https:\/\/sola.kau.se\/upekonferens2021\/wp-json\/wp\/v2\/pages\/2"}],"wp:attachment":[{"href":"https:\/\/sola.kau.se\/upekonferens2021\/wp-json\/wp\/v2\/media?parent=303"}],"curies":[{"name":"wp","href":"https:\/\/api.w.org\/{rel}","templated":true}]}}