 {"id":50,"date":"2020-09-08T07:50:31","date_gmt":"2020-09-08T07:50:31","guid":{"rendered":"https:\/\/sola.kau.se\/upekonferens2021\/?page_id=50"},"modified":"2021-09-06T14:01:33","modified_gmt":"2021-09-06T14:01:33","slug":"50-2","status":"publish","type":"page","link":"https:\/\/sola.kau.se\/upekonferens2021\/sample-page\/50-2\/","title":{"rendered":"Att utv\u00e4rdera med anv\u00e4ndare under en pandemi \u2013 handledning i fara n\u00e4r studenter m\u00f6ter testdeltagare p\u00e5 distans?"},"content":{"rendered":"\n<p><strong>F\u00f6rfattare:<\/strong> <a href=\"https:\/\/inslaget.kau.se\/users\/john-soren-pettersson\" target=\"_blank\" rel=\"noreferrer noopener\">John S\u00f6ren Pettersson<\/a>, <a href=\"https:\/\/inslaget.kau.se\/users\/gunnar-olsson\" target=\"_blank\" rel=\"noreferrer noopener\">Gunnar Olsson<\/a> och <a href=\"https:\/\/inslaget.kau.se\/users\/henrik-andersson\" target=\"_blank\" rel=\"noreferrer noopener\">Henrik Andersson<\/a><br><strong>Institution\/enhet<\/strong>: Handelsh\u00f6gskolan<br><strong>\u00c4mne:<\/strong> Informatik <\/p>\n\n\n\n<p>I en kurs om tidig konceptutveckling med t\u00e4nkta anv\u00e4ndare och test av f\u00e4rdiga system med anv\u00e4ndare l\u00e4r sig studenterna genom praktiskt arbete att anv\u00e4nda flera olika metoder. Eftersom studenterna ska hantera m\u00e4nniskor (\u201danv\u00e4ndare\u201d) har denna kurs inte g\u00e5tt p\u00e5 distans \u2013 campusformen har l\u00e5tit oss n\u00e4rvara vid pilottester, och vi l\u00e5ter ocks\u00e5 studenterna observera andra studenter som utf\u00f6r pilottester f\u00f6r att medvetandeg\u00f6ra kursdeltagarna om betydelsen av testmoderatorernas beteende.<\/p>\n\n\n\n<p>Coronapandemin st\u00e4llde nya krav p\u00e5 kursen \u00e4ven om till\u00e5telse fanns att anv\u00e4nda lokaler p\u00e5 universitetet. Vid gruppernas redovisningar i helklass vilka \u00e4r viktiga f\u00f6r att grupperna kan l\u00e4ra av varandras misstag och goda f\u00f6red\u00f6men, och vid handledning av grupper, erbj\u00f6ds alltid distansdeltagande som alternativ. Detaljerad rapport fr\u00e5n varje utv\u00e4rdering g\u00f6r att vi kan f\u00f6lja enskilda studenters engagemang. \u00d6verlag gick rapportredovisningarna bra och likas\u00e5 handledning. Sammantaget gjorde flera grupper 2-3 tester (av fyra inl\u00e4mningsuppgifter) p\u00e5 distans. Intressant nog visar sk\u00e4rminspelning med ljud fr\u00e5n testerna att detta ibland hj\u00e4lpte dem att vara mer observerande och mindre ledande i sin moderatorroll, vilket annars kan vara ett problem. En annan effekt var att de l\u00e4ttare kunde f\u00e5 tag p\u00e5 testdeltagare men h\u00e4r fanns ocks\u00e5 ibland inskr\u00e4nkning till kompiskretsen medan campusmilj\u00f6n erbjuder en mer varierad population.<\/p>\n\n\n\n<p><\/p>\n","protected":false},"excerpt":{"rendered":"<p>F\u00f6rfattare: John S\u00f6ren Pettersson, Gunnar Olsson och Henrik AnderssonInstitution\/enhet: Handelsh\u00f6gskolan\u00c4mne: Informatik I en kurs om tidig konceptutveckling med t\u00e4nkta anv\u00e4ndare och test av f\u00e4rdiga system med anv\u00e4ndare l\u00e4r sig studenterna genom praktiskt arbete att anv\u00e4nda flera olika metoder. Eftersom studenterna ska hantera m\u00e4nniskor (\u201danv\u00e4ndare\u201d) har denna kurs inte g\u00e5tt p\u00e5 distans \u2013 campusformen har l\u00e5tit [&hellip;]<\/p>\n","protected":false},"author":43,"featured_media":0,"parent":2,"menu_order":0,"comment_status":"closed","ping_status":"closed","template":"templates\/template-full-width.php","meta":{"footnotes":""},"class_list":["post-50","page","type-page","status-publish","hentry","post","no-featured-image"],"_links":{"self":[{"href":"https:\/\/sola.kau.se\/upekonferens2021\/wp-json\/wp\/v2\/pages\/50","targetHints":{"allow":["GET"]}}],"collection":[{"href":"https:\/\/sola.kau.se\/upekonferens2021\/wp-json\/wp\/v2\/pages"}],"about":[{"href":"https:\/\/sola.kau.se\/upekonferens2021\/wp-json\/wp\/v2\/types\/page"}],"author":[{"embeddable":true,"href":"https:\/\/sola.kau.se\/upekonferens2021\/wp-json\/wp\/v2\/users\/43"}],"replies":[{"embeddable":true,"href":"https:\/\/sola.kau.se\/upekonferens2021\/wp-json\/wp\/v2\/comments?post=50"}],"version-history":[{"count":10,"href":"https:\/\/sola.kau.se\/upekonferens2021\/wp-json\/wp\/v2\/pages\/50\/revisions"}],"predecessor-version":[{"id":436,"href":"https:\/\/sola.kau.se\/upekonferens2021\/wp-json\/wp\/v2\/pages\/50\/revisions\/436"}],"up":[{"embeddable":true,"href":"https:\/\/sola.kau.se\/upekonferens2021\/wp-json\/wp\/v2\/pages\/2"}],"wp:attachment":[{"href":"https:\/\/sola.kau.se\/upekonferens2021\/wp-json\/wp\/v2\/media?parent=50"}],"curies":[{"name":"wp","href":"https:\/\/api.w.org\/{rel}","templated":true}]}}