 {"id":54,"date":"2020-09-08T07:51:10","date_gmt":"2020-09-08T07:51:10","guid":{"rendered":"https:\/\/sola.kau.se\/upekonferens2021\/?page_id=54"},"modified":"2021-09-08T06:48:29","modified_gmt":"2021-09-08T06:48:29","slug":"54-2","status":"publish","type":"page","link":"https:\/\/sola.kau.se\/upekonferens2021\/sample-page\/54-2\/","title":{"rendered":"Kurs f\u00f6r IT-studenter om tillg\u00e4nglighet hos digitala tj\u00e4nster"},"content":{"rendered":"\n<p><strong>F\u00f6rfattare:<\/strong> <a href=\"https:\/\/inslaget.kau.se\/users\/gunnar-olsson\" target=\"_blank\" rel=\"noreferrer noopener\">Gunnar Olsson<\/a> och <a href=\"https:\/\/inslaget.kau.se\/users\/john-soren-pettersson\" target=\"_blank\" rel=\"noreferrer noopener\">John S\u00f6ren Pettersson<\/a><br><strong>Institution\/enhet<\/strong>: Handelsh\u00f6gskolan<br><strong>\u00c4mne:<\/strong> Informatik<\/p>\n\n\n\n<p>Lagen om tillg\u00e4nglighet till digital offentlig service (SFS 2018:1937) inneb\u00e4r att IT-konsulter som servar offentlig f\u00f6rvaltning m\u00e5ste tillg\u00e4nglighetsanpassa webbsidor och appar, och best\u00e4llare av s\u00e5dana tj\u00e4nster m\u00e5ste vet vad som ska best\u00e4llas och hur levererade system ska granskas. Detta st\u00e4ller krav p\u00e5 utbildningssystemet ocks\u00e5: universiteten m\u00e5ste kunna erbjuda kurser om tillg\u00e4nglighet, inte bara anv\u00e4ndbarhet.<\/p>\n\n\n\n<p>Under v\u00e5ren 2021 har informatik\u00e4mnet provk\u00f6rt inneh\u00e5llet i en s\u00e5dan kurs. Vi har ing\u00e5tt i en unders\u00f6kning om tillg\u00e4nglighetsmoment i existerande kurser (IWAC 2021a) samt utnyttjat den <em>Handbook on web accessibility for teachers<\/em> (IWAC 2021b) som publicerades av samma forskningsprojekt i b\u00f6rjan 2021. Ett klart brott mot v\u00e5rt tidigare snuttifierade tillg\u00e4nglighetsundervisande i olika kurser, gick den h\u00e4r kursen ut p\u00e5 att anv\u00e4nda mycket workshopande efter en modell vi anv\u00e4nt i en webbkurs tidigare d\u00e4r ett moment handlat om praktiskt utv\u00e4rdering enligt tillg\u00e4nglighetsstandarden f\u00f6r webb (WCAG 2.1).<\/p>\n\n\n\n<p>Studenternas reaktioner vid slutredovisningen var mycket positiv, inte minst av workshopparna. \u201dBlind\u201d-surfning (webbnavigering med hj\u00e4lp av talsyntes) beskrevs som \u201den riktig \u00f6gon\u00f6ppnare\u201d av flera studenter. \u00c4ven \u00f6vriga workshoppar beskrevs som viktiga f\u00f6r f\u00f6rst\u00e5elsen av den situation m\u00e5nga med funktionsneds\u00e4ttningar befinner sig i, och ocks\u00e5 f\u00f6rel\u00e4sningarna som behandlat omr\u00e5den som studenterna tidigare haft mycket diffusa f\u00f6rest\u00e4llningar om.<\/p>\n\n\n\n<p><\/p>\n","protected":false},"excerpt":{"rendered":"<p>F\u00f6rfattare: Gunnar Olsson och John S\u00f6ren PetterssonInstitution\/enhet: Handelsh\u00f6gskolan\u00c4mne: Informatik Lagen om tillg\u00e4nglighet till digital offentlig service (SFS 2018:1937) inneb\u00e4r att IT-konsulter som servar offentlig f\u00f6rvaltning m\u00e5ste tillg\u00e4nglighetsanpassa webbsidor och appar, och best\u00e4llare av s\u00e5dana tj\u00e4nster m\u00e5ste vet vad som ska best\u00e4llas och hur levererade system ska granskas. Detta st\u00e4ller krav p\u00e5 utbildningssystemet ocks\u00e5: universiteten m\u00e5ste [&hellip;]<\/p>\n","protected":false},"author":43,"featured_media":0,"parent":2,"menu_order":0,"comment_status":"closed","ping_status":"closed","template":"templates\/template-full-width.php","meta":{"footnotes":""},"class_list":["post-54","page","type-page","status-publish","hentry","post","no-featured-image"],"_links":{"self":[{"href":"https:\/\/sola.kau.se\/upekonferens2021\/wp-json\/wp\/v2\/pages\/54","targetHints":{"allow":["GET"]}}],"collection":[{"href":"https:\/\/sola.kau.se\/upekonferens2021\/wp-json\/wp\/v2\/pages"}],"about":[{"href":"https:\/\/sola.kau.se\/upekonferens2021\/wp-json\/wp\/v2\/types\/page"}],"author":[{"embeddable":true,"href":"https:\/\/sola.kau.se\/upekonferens2021\/wp-json\/wp\/v2\/users\/43"}],"replies":[{"embeddable":true,"href":"https:\/\/sola.kau.se\/upekonferens2021\/wp-json\/wp\/v2\/comments?post=54"}],"version-history":[{"count":10,"href":"https:\/\/sola.kau.se\/upekonferens2021\/wp-json\/wp\/v2\/pages\/54\/revisions"}],"predecessor-version":[{"id":352,"href":"https:\/\/sola.kau.se\/upekonferens2021\/wp-json\/wp\/v2\/pages\/54\/revisions\/352"}],"up":[{"embeddable":true,"href":"https:\/\/sola.kau.se\/upekonferens2021\/wp-json\/wp\/v2\/pages\/2"}],"wp:attachment":[{"href":"https:\/\/sola.kau.se\/upekonferens2021\/wp-json\/wp\/v2\/media?parent=54"}],"curies":[{"name":"wp","href":"https:\/\/api.w.org\/{rel}","templated":true}]}}