 {"id":368,"date":"2021-09-10T11:05:13","date_gmt":"2021-09-10T11:05:13","guid":{"rendered":"https:\/\/sola.kau.se\/upekonferens2021\/?page_id=368"},"modified":"2022-09-01T12:00:18","modified_gmt":"2022-09-01T12:00:18","slug":"program","status":"publish","type":"page","link":"https:\/\/sola.kau.se\/upekonferens2022\/program\/","title":{"rendered":"Program"},"content":{"rendered":"\n<p>(Mingel fr\u00e5n 8.15)<\/p>\n\n\n\n<p><strong>08.30 INTRODUKTION.<\/strong> Johan Sterte och J\u00f6rg Pareigis. NYQUIST.<br><strong>09.00<\/strong> <strong>PARALLELLA SESSIONER 1<\/strong><\/p>\n\n\n\n<ul class=\"wp-block-list\"><li>NYQUIST <br><strong>Ali Mohammadi &amp; Venkatesh Govindarajan<\/strong><br>Can using case studies from the industry as teaching strategies in LCA courses provide synergistic mutual benefits? (eng)<br><strong>Wibke Straube &amp; Kajsa Knape<\/strong><br>Pronoun-rounds in Digital and Campus-based Classrooms. Improving Learning for Trans and Non-binary Students (eng)<br><\/li><li>REJMER<br><strong>Zara Hedelin, Minna Arvidsson, Ann-Britt Enochsson, Anita Ward &amp; Annica \u00c5defors<\/strong><br>Studentutbyte utan resor: Erfarenheter fr\u00e5n ett ERASMUS-projekt&nbsp;&nbsp;&nbsp;<br><strong>Marie-Therese Christiansson<\/strong><br>Studentens l\u00e4rande, effektiv undervisning och meningsfull examination \u2013 med skarpa Case<\/li><\/ul>\n\n\n\n<ul class=\"wp-block-list\"><li>TRANSFORMUM<br><strong>John Johansson<\/strong><br>Enkla fr\u00e5gor f\u00f6r att minnas mer. Ett utvecklingsarbete och uppf\u00f6ljande intervjuer.<br><strong>Patrik Holm<\/strong><br>Flippat eller traditionellt i online-undervisning? Tv\u00e5 olika strategier f\u00f6r att hantera undervisning inom sjuksk\u00f6terskeutbildningen under covid-19-pandemin.<\/li><\/ul>\n\n\n\n<p><strong>10.00 PAUS OCH FIKA.<\/strong> TRANSFORMUM.<br><strong>10.30 OPEN SPACE &#8211; \u00f6ppna kollegiala samtal med Markus Schneider.<\/strong> TRANSFORMUM. <a rel=\"noreferrer noopener\" href=\"https:\/\/sola.kau.se\/upekonferens2022\/open-space-oppna-kollegiala-samtal\/\" target=\"_blank\">Mer om Ope<\/a><a href=\"https:\/\/sola.kau.se\/upekonferens2022\/open-space-oppna-kollegiala-samtal\/\" target=\"_blank\" rel=\"noreferrer noopener\">n<\/a><a rel=\"noreferrer noopener\" href=\"https:\/\/sola.kau.se\/upekonferens2022\/open-space-oppna-kollegiala-samtal\/\" target=\"_blank\"> Space.<\/a><br><strong>12.00 LUNCH<\/strong>. Solsta Inn.<br><strong>13.00 PARALLELLA SESSIONER 2<\/strong><\/p>\n\n\n\n<ul class=\"wp-block-list\"><li>NYQUIST<br><strong>Jenni Koivisto<\/strong><br>From written assignments to climate challenges: Understanding transformations at different levels (eng)<br><strong>Ala Sarah Alaqra<\/strong><br>Power of anonymous feedback\u2014There are no stupid questions (eng)&nbsp;&nbsp;&nbsp;&nbsp;&nbsp;&nbsp;&nbsp;&nbsp;&nbsp;&nbsp;&nbsp;&nbsp;&nbsp;&nbsp;&nbsp;&nbsp;&nbsp;&nbsp;&nbsp;&nbsp;&nbsp;&nbsp;&nbsp;&nbsp;&nbsp;&nbsp;&nbsp;&nbsp;&nbsp;<\/li><\/ul>\n\n\n\n<ul class=\"wp-block-list\"><li>REJMER<br><strong>Katharina Rahnert &amp; Niklas Jakobsson<\/strong><br>Hj\u00e4lpande h\u00e4nder? Vikten av l\u00e4rarens hand och studenternas antecknande i distansstudier inom redovisning<br><strong>Peter Bellstr\u00f6m, Pierre Sj\u00f6berg &amp; Alexander Vestin<\/strong><br>Att &#8220;kn\u00e4cka koden&#8221; kan vara sv\u00e5rt. N\u00e5gra erfarenheter fr\u00e5n att ha introducerat skapandet av spel i en Programmeringskurs<\/li><\/ul>\n\n\n\n<ul class=\"wp-block-list\"><li>TRANSFORMUM<br><strong>Ulrik Terp, Charlotte Johansson, Anita Bostr\u00f6m, Janna Lindroos &amp; Ulrika Lindmark<\/strong><br>Psykologi och oral h\u00e4lsa \u2013 ett exempel p\u00e5 framg\u00e5ngsrikt samarbete \u00f6ver fakultetsgr\u00e4nserna<br><strong>Marie Therese Christiansson<\/strong><br>Det pedagogiska lyftet @Handelsh\u00f6gskolan vid Karlstads universitet<\/li><\/ul>\n\n\n\n<p><strong>14.00 F\u00d6RFLYTTNING<\/strong><br><strong>14.10 PARALLELLA SESSIONER 3<\/strong><\/p>\n\n\n\n<ul class=\"wp-block-list\"><li>NYQUIST<br> <strong>John Johansson &amp; Erik M\u00e5nsson<\/strong><br>Co-creation of educational opportunities: a case study of a joint venture between teachers and students<br><strong>Hanna Enefalk<\/strong><br>The teacher in front of the camera: Experiences of taking part in TV documentaries (eng)&nbsp;&nbsp;&nbsp;&nbsp;&nbsp;&nbsp;&nbsp;&nbsp;&nbsp;&nbsp;&nbsp;&nbsp;&nbsp;&nbsp;&nbsp;&nbsp;&nbsp;&nbsp;&nbsp;&nbsp;&nbsp;&nbsp;&nbsp;&nbsp;&nbsp;&nbsp;<\/li><\/ul>\n\n\n\n<ul class=\"wp-block-list\"><li>REJMER <br><strong>Maria Fahlgren &amp; Mirela Vinerean<\/strong><br>L\u00e4rarstudenters reflektion kring samt design av datorbaserade elevaktiviteter i geometri<br><strong>Andreas Pettersson, Emelie Hindersson &amp; Johanna Gustavsson<\/strong><br>Riskpedagogik och konceptet RiskLab<\/li><\/ul>\n\n\n\n<ul class=\"wp-block-list\"><li>TRANSFORMUM<br><strong>Charlotta Andersson, Pernille K Andersson, Carolina Cam\u00e9n &amp; Jenny Karlsson<\/strong><br>Utveckling av undervisning f\u00f6r livsl\u00e5ngt l\u00e4rande<br><strong>Claes H\u00f6gstr\u00f6m, Sara Davoudi &amp; Per Karlsson<\/strong><br>Fr\u00e5n f\u00f6rmedling till samhandling i stora studentgrupper &#8211; fallet ekonomistyrning<\/li><\/ul>\n\n\n\n<p><strong>15.10 PAUS OCH FIKA.<\/strong> TRANSFORMUM<br><strong>15.30 KAU KAN \u2013 TRANSFORMERING I TRANSFORMUM<\/strong><br><strong>16.00 SLUT<\/strong><\/p>\n\n\n\n<p><\/p>\n\n\n\n<p><\/p>\n\n\n\n<p><\/p>\n\n\n\n<p><\/p>\n\n\n\n<p><\/p>\n\n\n\n<p><\/p>\n\n\n\n<p><\/p>\n\n\n\n<p><\/p>\n\n\n\n<p><\/p>\n\n\n\n<p><\/p>\n\n\n\n<p><\/p>\n\n\n\n<p><\/p>\n\n\n\n<p><\/p>\n\n\n\n<p><\/p>\n\n\n\n<p><\/p>\n\n\n\n<p><\/p>\n\n\n\n<p><\/p>\n\n\n\n<p><\/p>\n\n\n\n<p><\/p>\n\n\n\n<p><\/p>\n\n\n\n<p><\/p>\n\n\n\n<p><\/p>\n\n\n\n<p><\/p>\n\n\n\n<p><\/p>\n\n\n\n<p><\/p>\n\n\n\n<p><\/p>\n\n\n\n<p><\/p>\n\n\n\n<p><\/p>\n\n\n\n<p><\/p>\n","protected":false},"excerpt":{"rendered":"<p>(Mingel fr\u00e5n 8.15) 08.30 INTRODUKTION. Johan Sterte och J\u00f6rg Pareigis. NYQUIST.09.00 PARALLELLA SESSIONER 1 NYQUIST Ali Mohammadi &amp; Venkatesh GovindarajanCan using case studies from the industry as teaching strategies in LCA courses provide synergistic mutual benefits? (eng)Wibke Straube &amp; Kajsa KnapePronoun-rounds in Digital and Campus-based Classrooms. Improving Learning for Trans and Non-binary Students (eng) REJMERZara [&hellip;]<\/p>\n","protected":false},"author":43,"featured_media":0,"parent":0,"menu_order":0,"comment_status":"closed","ping_status":"closed","template":"","meta":{"footnotes":""},"class_list":["post-368","page","type-page","status-publish","hentry","post","no-featured-image"],"_links":{"self":[{"href":"https:\/\/sola.kau.se\/upekonferens2022\/wp-json\/wp\/v2\/pages\/368","targetHints":{"allow":["GET"]}}],"collection":[{"href":"https:\/\/sola.kau.se\/upekonferens2022\/wp-json\/wp\/v2\/pages"}],"about":[{"href":"https:\/\/sola.kau.se\/upekonferens2022\/wp-json\/wp\/v2\/types\/page"}],"author":[{"embeddable":true,"href":"https:\/\/sola.kau.se\/upekonferens2022\/wp-json\/wp\/v2\/users\/43"}],"replies":[{"embeddable":true,"href":"https:\/\/sola.kau.se\/upekonferens2022\/wp-json\/wp\/v2\/comments?post=368"}],"version-history":[{"count":5,"href":"https:\/\/sola.kau.se\/upekonferens2022\/wp-json\/wp\/v2\/pages\/368\/revisions"}],"predecessor-version":[{"id":574,"href":"https:\/\/sola.kau.se\/upekonferens2022\/wp-json\/wp\/v2\/pages\/368\/revisions\/574"}],"wp:attachment":[{"href":"https:\/\/sola.kau.se\/upekonferens2022\/wp-json\/wp\/v2\/media?parent=368"}],"curies":[{"name":"wp","href":"https:\/\/api.w.org\/{rel}","templated":true}]}}