 {"id":40,"date":"2020-09-08T07:50:43","date_gmt":"2020-09-08T07:50:43","guid":{"rendered":"https:\/\/sola.kau.se\/upekonferens2021\/?page_id=40"},"modified":"2022-08-12T08:53:33","modified_gmt":"2022-08-12T08:53:33","slug":"40-2","status":"publish","type":"page","link":"https:\/\/sola.kau.se\/upekonferens2022\/sample-page\/40-2\/","title":{"rendered":"Studentutbyte utan resor: Erfarenheter fr\u00e5n ett ERASMUS-projekt"},"content":{"rendered":"\n<p><strong>F\u00f6rfattare:<\/strong> Zara Hedelin, Minna Arvidsson, Ann-Britt Enochsson, Anita Ward och Annica \u00c5defors.<br><strong>Institution\/enhet<\/strong>: Pedagogiska studier<br><strong>\u00c4mne:<\/strong> Pedagogiskt arbete<\/p>\n\n\n\n<h2 class=\"wp-block-heading\">ABSTRACT<\/h2>\n\n\n\n<p>Under pandemin aktualiserades fr\u00e5gan om hur v\u00e5ra studenter skulle kunna f\u00e5 internationella erfarenheter n\u00e4r det blivit sv\u00e5rt, och ibland om\u00f6jligt, att resa. I yrkesl\u00e4rarutbildningen vid KAU har vi arbetat tillsammans med Norge, Tyskland och Turkiet med syftet att studenterna skulle f\u00e5 inblick i yrkesl\u00e4rarutbildning i andra l\u00e4nder, men uppl\u00e4gget skulle ocks\u00e5 inneb\u00e4ra en \u00f6kad digital kompetens och tr\u00e4ning i engelska.<\/p>\n\n\n\n<p>Projektets tre teman har varit <em>demokrati<\/em>, <em>h\u00e5llbar utveckling<\/em> och <em>v\u00e4rdegrund<\/em>, och v\u00e5r gemensamma plattform har varit Canvas. V\u00e5rt ansvar var att utveckla kursmodulen om v\u00e4rdegrund med ett MOOC-uppl\u00e4gg som inte skulle ta mer \u00e4n en knapp arbetsdag att jobba igenom. Studenterna fick sedan med hj\u00e4lp av texter, filmer och diskussioner arbeta med samtliga tre teman och avslutade arbetet med <em>storytelling<\/em>, korta videor, i vilka de summerade vad de l\u00e4rt sig. Tanken med videorna har varit att g\u00f6ra inneh\u00e5llet l\u00e4ttillg\u00e4ngligt f\u00f6r tittarna \u2013 i ett f\u00f6rsta steg, deras medstudenter i samarbetsl\u00e4nderna. De har sedan m\u00f6tt studenter fr\u00e5n de andra l\u00e4ndernas yrkesl\u00e4rarutbildningar via Zoom, delat med sig av sina videor, tittat p\u00e5 deras videor, diskuterat tillsammans och gjort gemensamma sammanfattningar med de studenter de m\u00f6tt.<\/p>\n\n\n\n<p>Vi kommer att presentera sv\u00e5righeter och gl\u00e4dje\u00e4mnen fr\u00e5n f\u00f6rsta \u00e5ret av v\u00e5r resa, och visa exempel p\u00e5 studentarbeten.<\/p>\n","protected":false},"excerpt":{"rendered":"<p>F\u00f6rfattare: Zara Hedelin, Minna Arvidsson, Ann-Britt Enochsson, Anita Ward och Annica \u00c5defors.Institution\/enhet: Pedagogiska studier\u00c4mne: Pedagogiskt arbete ABSTRACT Under pandemin aktualiserades fr\u00e5gan om hur v\u00e5ra studenter skulle kunna f\u00e5 internationella erfarenheter n\u00e4r det blivit sv\u00e5rt, och ibland om\u00f6jligt, att resa. I yrkesl\u00e4rarutbildningen vid KAU har vi arbetat tillsammans med Norge, Tyskland och Turkiet med syftet att [&hellip;]<\/p>\n","protected":false},"author":43,"featured_media":0,"parent":2,"menu_order":0,"comment_status":"closed","ping_status":"closed","template":"","meta":{"footnotes":""},"class_list":["post-40","page","type-page","status-publish","hentry","post","no-featured-image"],"_links":{"self":[{"href":"https:\/\/sola.kau.se\/upekonferens2022\/wp-json\/wp\/v2\/pages\/40","targetHints":{"allow":["GET"]}}],"collection":[{"href":"https:\/\/sola.kau.se\/upekonferens2022\/wp-json\/wp\/v2\/pages"}],"about":[{"href":"https:\/\/sola.kau.se\/upekonferens2022\/wp-json\/wp\/v2\/types\/page"}],"author":[{"embeddable":true,"href":"https:\/\/sola.kau.se\/upekonferens2022\/wp-json\/wp\/v2\/users\/43"}],"replies":[{"embeddable":true,"href":"https:\/\/sola.kau.se\/upekonferens2022\/wp-json\/wp\/v2\/comments?post=40"}],"version-history":[{"count":4,"href":"https:\/\/sola.kau.se\/upekonferens2022\/wp-json\/wp\/v2\/pages\/40\/revisions"}],"predecessor-version":[{"id":459,"href":"https:\/\/sola.kau.se\/upekonferens2022\/wp-json\/wp\/v2\/pages\/40\/revisions\/459"}],"up":[{"embeddable":true,"href":"https:\/\/sola.kau.se\/upekonferens2022\/wp-json\/wp\/v2\/pages\/2"}],"wp:attachment":[{"href":"https:\/\/sola.kau.se\/upekonferens2022\/wp-json\/wp\/v2\/media?parent=40"}],"curies":[{"name":"wp","href":"https:\/\/api.w.org\/{rel}","templated":true}]}}