 {"id":47,"date":"2020-09-08T07:50:53","date_gmt":"2020-09-08T07:50:53","guid":{"rendered":"https:\/\/sola.kau.se\/upekonferens2021\/?page_id=47"},"modified":"2022-08-12T09:01:52","modified_gmt":"2022-08-12T09:01:52","slug":"47-2","status":"publish","type":"page","link":"https:\/\/sola.kau.se\/upekonferens2022\/sample-page\/47-2\/","title":{"rendered":"Psykologi och oral h\u00e4lsa \u2013 ett exempel p\u00e5 framg\u00e5ngsrikt samarbete \u00f6ver fakultetsgr\u00e4nserna"},"content":{"rendered":"\n<p><strong>F\u00f6rfattare:<\/strong> Ulrik Terp (psykologi), Charlotte Johansson, Anita Bostr\u00f6m, Janna Lindroos och Ulrika Lindmark (Oral h\u00e4lsa)<br><strong>Institution\/enhet<\/strong>: Sociala och psykologiska studier och H\u00e4lsovetenskaper<br><strong>\u00c4mne:<\/strong> Psykologi och Oral h\u00e4lsa<\/p>\n\n\n\n<h2 class=\"wp-block-heading\">Abstract<\/h2>\n\n\n\n<p>Under v\u00e5ren 2022 har ett pedagogiskt projekt genomf\u00f6rts som skapats i samarbete mellan l\u00e4rare p\u00e5 \u00e4mnena Psykologi och Oral h\u00e4lsa. Under fyra veckor genomf\u00f6rde psykologprogram-studenter \u00e5tta workshops med studenter fr\u00e5n termin tv\u00e5 och fyra p\u00e5 tandhygienistprogrammet. Psykologprogram-studenterna skapade inneh\u00e5llet i denna workshopserie utifr\u00e5n ett urval l\u00e4randem\u00e5l i kurserna som p\u00e5gick denna period p\u00e5 tandhygienistprogrammet. Den pedagogiska rationalen f\u00f6r projektet var att psykologprogram-studenterna med hj\u00e4lp av projektet skulle arbeta med ett l\u00e4randem\u00e5l i kursen Individ, arbete och organisation 2 som handlar om f\u00e4rdighetstr\u00e4ning avseende att leda grupper som de gick denna period. <\/p>\n\n\n\n<p>Under fyra veckor tr\u00e4ffades studenterna tv\u00e5 timmar varje torsdag och fredag. F\u00f6r n\u00e5gra grupper genomf\u00f6rdes projektet enbart digitalt via zoom men f\u00f6r n\u00e5gra grupper genomf\u00f6rdes projektet b\u00e5de i digitalt och analogt format. Under v\u00e5r presentation kommer\u00a0 vi redog\u00f6ra f\u00f6r hur studenterna som deltagit i projektet upplevde denna arbetsform som kallas peer-learning. Femton studenter har intervjuats. Fem gruppledare och tio gruppdeltagare och deras upplevelser kommer vi diskutera under v\u00e5r presentation. Under v\u00e5r presentation kommer vi \u00e4ven diskutera pedagogiska aspekter och implikationer utifr\u00e5n ett h\u00f6gskolepedagogiskt och ur ett organisationspsykologiskt perspektiv.\u00a0\u00a0 \u00a0<\/p>\n","protected":false},"excerpt":{"rendered":"<p>F\u00f6rfattare: Ulrik Terp (psykologi), Charlotte Johansson, Anita Bostr\u00f6m, Janna Lindroos och Ulrika Lindmark (Oral h\u00e4lsa)Institution\/enhet: Sociala och psykologiska studier och H\u00e4lsovetenskaper\u00c4mne: Psykologi och Oral h\u00e4lsa Abstract Under v\u00e5ren 2022 har ett pedagogiskt projekt genomf\u00f6rts som skapats i samarbete mellan l\u00e4rare p\u00e5 \u00e4mnena Psykologi och Oral h\u00e4lsa. Under fyra veckor genomf\u00f6rde psykologprogram-studenter \u00e5tta workshops med studenter [&hellip;]<\/p>\n","protected":false},"author":43,"featured_media":0,"parent":2,"menu_order":0,"comment_status":"closed","ping_status":"closed","template":"","meta":{"footnotes":""},"class_list":["post-47","page","type-page","status-publish","hentry","post","no-featured-image"],"_links":{"self":[{"href":"https:\/\/sola.kau.se\/upekonferens2022\/wp-json\/wp\/v2\/pages\/47","targetHints":{"allow":["GET"]}}],"collection":[{"href":"https:\/\/sola.kau.se\/upekonferens2022\/wp-json\/wp\/v2\/pages"}],"about":[{"href":"https:\/\/sola.kau.se\/upekonferens2022\/wp-json\/wp\/v2\/types\/page"}],"author":[{"embeddable":true,"href":"https:\/\/sola.kau.se\/upekonferens2022\/wp-json\/wp\/v2\/users\/43"}],"replies":[{"embeddable":true,"href":"https:\/\/sola.kau.se\/upekonferens2022\/wp-json\/wp\/v2\/comments?post=47"}],"version-history":[{"count":2,"href":"https:\/\/sola.kau.se\/upekonferens2022\/wp-json\/wp\/v2\/pages\/47\/revisions"}],"predecessor-version":[{"id":461,"href":"https:\/\/sola.kau.se\/upekonferens2022\/wp-json\/wp\/v2\/pages\/47\/revisions\/461"}],"up":[{"embeddable":true,"href":"https:\/\/sola.kau.se\/upekonferens2022\/wp-json\/wp\/v2\/pages\/2"}],"wp:attachment":[{"href":"https:\/\/sola.kau.se\/upekonferens2022\/wp-json\/wp\/v2\/media?parent=47"}],"curies":[{"name":"wp","href":"https:\/\/api.w.org\/{rel}","templated":true}]}}