 {"id":54,"date":"2020-09-08T07:51:10","date_gmt":"2020-09-08T07:51:10","guid":{"rendered":"https:\/\/sola.kau.se\/upekonferens2021\/?page_id=54"},"modified":"2022-08-12T12:04:20","modified_gmt":"2022-08-12T12:04:20","slug":"54-2","status":"publish","type":"page","link":"https:\/\/sola.kau.se\/upekonferens2022\/sample-page\/54-2\/","title":{"rendered":"Studentens l\u00e4rande, effektiv undervisning och meningsfull examination \u2013 med skarpa Case"},"content":{"rendered":"\n<p><strong>F\u00f6rfattare:<\/strong> Marie-Therese Christiansson<br><strong>Institution\/enhet<\/strong>: Handelsh\u00f6gskolan<br><strong>\u00c4mne:<\/strong> Informatik<\/p>\n\n\n\n<h2 class=\"wp-block-heading\">Abstract<\/h2>\n\n\n\n<p>I kursen \u201dVerksamhetsutveckling med process- och flerpartsperspektiv\u201d har studenterna arbetat med skarpa case fr\u00e5n olika organisationer f\u00f6r att kartl\u00e4gga verksamhetsprocesser och f\u00f6rb\u00e4ttra verksamhet. Kartl\u00e4ggnings-uppdragen har varierat i syfte vilket medf\u00f6rt att studenterna f\u00e5tt olika f\u00f6ruts\u00e4ttningar att kravst\u00e4lla m\u00f6jligheter med IT. <\/p>\n\n\n\n<p>En ny kursplan har satt tydligare fokus p\u00e5 digitalisering och studenterna har i \u00e5r f\u00e5tt ett kartl\u00e4ggningsuppdrag fr\u00e5n Karlstads kommun som handlar om att f\u00f6rb\u00e4ttra elevers skolvardag med digitala l\u00f6sningar. Examinationen p\u00e5 kursen handlar om att kunna p\u00e5visa f\u00f6rm\u00e5gan att bedriva en verksamhets-n\u00e4ra digitalisering genom att till\u00e4mpa principer i processorientering och metoder f\u00f6r att belysa att organisationen \u201dg\u00f6r r\u00e4tt saker och saker r\u00e4tt\u201d med h\u00e5llbar utveckling som perspektiv i analys av styrning, arbetss\u00e4tt och digitala m\u00f6jligheter. Underlaget fr\u00e5n uppdragsgivaren har varit en uppdragsbeskrivning, resultat fr\u00e5n en f\u00f6rstudie och en tr\u00e4ff online med m\u00f6jligheter att st\u00e4lla fr\u00e5gor. D\u00e5 studenterna inte har haft tillg\u00e5ng till Karlstads kommuns medarbetare och elever gjordes en rekonstruktion av den verksamhetsprocess d\u00e4r &#8220;sm\u00e4rtor&#8221; uppst\u00e5r och de konsekvenser de f\u00e5r f\u00f6r exempelvis elev och v\u00e5rdnadshavare. Case \u00e4r fortfarande skarpt, men mer tillr\u00e4ttalagt \u00e4n tidigare och analysen visar dess f\u00f6rm\u00e5ga att bidra i l\u00e4randet, undervisning och examination.<\/p>\n\n\n\n<p><\/p>\n","protected":false},"excerpt":{"rendered":"<p>F\u00f6rfattare: Marie-Therese ChristianssonInstitution\/enhet: Handelsh\u00f6gskolan\u00c4mne: Informatik Abstract I kursen \u201dVerksamhetsutveckling med process- och flerpartsperspektiv\u201d har studenterna arbetat med skarpa case fr\u00e5n olika organisationer f\u00f6r att kartl\u00e4gga verksamhetsprocesser och f\u00f6rb\u00e4ttra verksamhet. Kartl\u00e4ggnings-uppdragen har varierat i syfte vilket medf\u00f6rt att studenterna f\u00e5tt olika f\u00f6ruts\u00e4ttningar att kravst\u00e4lla m\u00f6jligheter med IT. En ny kursplan har satt tydligare fokus p\u00e5 digitalisering [&hellip;]<\/p>\n","protected":false},"author":43,"featured_media":0,"parent":2,"menu_order":0,"comment_status":"closed","ping_status":"closed","template":"","meta":{"footnotes":""},"class_list":["post-54","page","type-page","status-publish","hentry","post","no-featured-image"],"_links":{"self":[{"href":"https:\/\/sola.kau.se\/upekonferens2022\/wp-json\/wp\/v2\/pages\/54","targetHints":{"allow":["GET"]}}],"collection":[{"href":"https:\/\/sola.kau.se\/upekonferens2022\/wp-json\/wp\/v2\/pages"}],"about":[{"href":"https:\/\/sola.kau.se\/upekonferens2022\/wp-json\/wp\/v2\/types\/page"}],"author":[{"embeddable":true,"href":"https:\/\/sola.kau.se\/upekonferens2022\/wp-json\/wp\/v2\/users\/43"}],"replies":[{"embeddable":true,"href":"https:\/\/sola.kau.se\/upekonferens2022\/wp-json\/wp\/v2\/comments?post=54"}],"version-history":[{"count":5,"href":"https:\/\/sola.kau.se\/upekonferens2022\/wp-json\/wp\/v2\/pages\/54\/revisions"}],"predecessor-version":[{"id":483,"href":"https:\/\/sola.kau.se\/upekonferens2022\/wp-json\/wp\/v2\/pages\/54\/revisions\/483"}],"up":[{"embeddable":true,"href":"https:\/\/sola.kau.se\/upekonferens2022\/wp-json\/wp\/v2\/pages\/2"}],"wp:attachment":[{"href":"https:\/\/sola.kau.se\/upekonferens2022\/wp-json\/wp\/v2\/media?parent=54"}],"curies":[{"name":"wp","href":"https:\/\/api.w.org\/{rel}","templated":true}]}}