 {"id":565,"date":"2022-09-01T08:21:48","date_gmt":"2022-09-01T08:21:48","guid":{"rendered":"https:\/\/sola.kau.se\/upekonferens2022\/?page_id=565"},"modified":"2022-09-08T09:13:58","modified_gmt":"2022-09-08T09:13:58","slug":"open-space-oppna-kollegiala-samtal","status":"publish","type":"page","link":"https:\/\/sola.kau.se\/upekonferens2022\/open-space-oppna-kollegiala-samtal\/","title":{"rendered":"Open Space &#8211; \u00f6ppna kollegiala samtal"},"content":{"rendered":"\n<p><em>I Open Space skapas en arena d\u00e4r du f\u00e5r bjuda in till en pedagogisk utvecklingsfr\u00e5ga som engagerar dig<\/em>. <\/p>\n\n\n\n<p>Open Space kommer att vara ett tillf\u00e4lle f\u00f6r oss att bjuda varandra p\u00e5 kollegiala samtal under konferensen. Det kommer att k\u00e4nnas som en flytande \u00f6verg\u00e5ng fr\u00e5n kafferasten in i angel\u00e4gna fr\u00e5gor vi vill prata om.<\/p>\n\n\n\n<p>Under \u00e5rets konferens kommer Markus Schneider, projektledare p\u00e5 UPE, att guida oss genom en session med Open Space.<\/p>\n\n\n\n<p>Varmt v\u00e4lkommen!<\/p>\n\n\n\n<p><strong>N\u00e4r: 29 september kl. 10.30-12.00<\/strong><\/p>\n\n\n\n<p><strong>Var: Transformum <\/strong><\/p>\n\n\n\n<div class=\"wp-block-image is-style-rounded\"><figure class=\"aligncenter size-large is-resized\"><img loading=\"lazy\" decoding=\"async\" src=\"https:\/\/sola.kau.se\/upekonferens2022\/wp-content\/uploads\/sites\/691\/2022\/09\/Markus_Schneider_2022-767x1024.jpg\" alt=\"Markus Schneider\" class=\"wp-image-570\" width=\"320\" height=\"427\" srcset=\"https:\/\/sola.kau.se\/upekonferens2022\/wp-content\/uploads\/sites\/691\/2022\/09\/Markus_Schneider_2022-767x1024.jpg 767w, https:\/\/sola.kau.se\/upekonferens2022\/wp-content\/uploads\/sites\/691\/2022\/09\/Markus_Schneider_2022-225x300.jpg 225w, https:\/\/sola.kau.se\/upekonferens2022\/wp-content\/uploads\/sites\/691\/2022\/09\/Markus_Schneider_2022-768x1026.jpg 768w, https:\/\/sola.kau.se\/upekonferens2022\/wp-content\/uploads\/sites\/691\/2022\/09\/Markus_Schneider_2022.jpg 885w\" sizes=\"auto, (max-width: 320px) 100vw, 320px\" \/><figcaption>Markus Schneider<\/figcaption><\/figure><\/div>\n","protected":false},"excerpt":{"rendered":"<p>I Open Space skapas en arena d\u00e4r du f\u00e5r bjuda in till en pedagogisk utvecklingsfr\u00e5ga som engagerar dig. Open Space kommer att vara ett tillf\u00e4lle f\u00f6r oss att bjuda varandra p\u00e5 kollegiala samtal under konferensen. Det kommer att k\u00e4nnas som en flytande \u00f6verg\u00e5ng fr\u00e5n kafferasten in i angel\u00e4gna fr\u00e5gor vi vill prata om. Under \u00e5rets [&hellip;]<\/p>\n","protected":false},"author":43,"featured_media":0,"parent":0,"menu_order":0,"comment_status":"closed","ping_status":"closed","template":"","meta":{"footnotes":""},"class_list":["post-565","page","type-page","status-publish","hentry","post","no-featured-image"],"_links":{"self":[{"href":"https:\/\/sola.kau.se\/upekonferens2022\/wp-json\/wp\/v2\/pages\/565","targetHints":{"allow":["GET"]}}],"collection":[{"href":"https:\/\/sola.kau.se\/upekonferens2022\/wp-json\/wp\/v2\/pages"}],"about":[{"href":"https:\/\/sola.kau.se\/upekonferens2022\/wp-json\/wp\/v2\/types\/page"}],"author":[{"embeddable":true,"href":"https:\/\/sola.kau.se\/upekonferens2022\/wp-json\/wp\/v2\/users\/43"}],"replies":[{"embeddable":true,"href":"https:\/\/sola.kau.se\/upekonferens2022\/wp-json\/wp\/v2\/comments?post=565"}],"version-history":[{"count":5,"href":"https:\/\/sola.kau.se\/upekonferens2022\/wp-json\/wp\/v2\/pages\/565\/revisions"}],"predecessor-version":[{"id":575,"href":"https:\/\/sola.kau.se\/upekonferens2022\/wp-json\/wp\/v2\/pages\/565\/revisions\/575"}],"wp:attachment":[{"href":"https:\/\/sola.kau.se\/upekonferens2022\/wp-json\/wp\/v2\/media?parent=565"}],"curies":[{"name":"wp","href":"https:\/\/api.w.org\/{rel}","templated":true}]}}