 {"id":62,"date":"2020-09-08T07:51:39","date_gmt":"2020-09-08T07:51:39","guid":{"rendered":"https:\/\/sola.kau.se\/upekonferens2021\/?page_id=62"},"modified":"2022-08-26T06:21:47","modified_gmt":"2022-08-26T06:21:47","slug":"62-2","status":"publish","type":"page","link":"https:\/\/sola.kau.se\/upekonferens2022\/sample-page\/62-2\/","title":{"rendered":"Det pedagogiska lyftet @Handelsh\u00f6gskolan vid Karlstads universitet"},"content":{"rendered":"\n<p><strong>F\u00f6rfattare:<\/strong> Marie-Therese Christiansson<br><strong>Institution\/enhet<\/strong>: Handelsh\u00f6gskolan<br><strong>\u00c4mne:<\/strong> Informatik<\/p>\n\n\n\n<h2 class=\"wp-block-heading\">ABSTRACT<\/h2>\n\n\n\n<p>Handelsh\u00f6gskolan vid Karlstads universitet blev ackrediterande av AACSB (Association to Advance Collegiate Schools of Business) h\u00f6sten 2021. En stor del av arbetet mot en ackreditering har varit att arbeta med pedagogiska fr\u00e5gor och kompetensutveckling p\u00e5 institutionen i linje med v\u00e5r mission \u201dWe educate responsible professionals and conduct research with high societal impact\u201d. Inom ackrediteringen ska handelsh\u00f6gskolor s\u00e4kra studenternas framg\u00e5ng i form av relevant inneh\u00e5ll, l\u00e4rande, progression och effektiv undervisning som ger effekt. <\/p>\n\n\n\n<p>Under de f\u00f6rsta fem \u00e5ren utformades en rad metoder f\u00f6r att samla in data och goda exempel f\u00f6r att kunna p\u00e5visa och vidareutveckla kvalitet och kravuppfyllnad enligt AACSBs standarder. Ett exempel \u00e4r Assurance of Learning (AoL) processen som m\u00e4ter studenternas kompetens och f\u00f6rm\u00e5gor i ett antal gemensamma l\u00e4randem\u00e5l och perspektiv att integrera i alla program p\u00e5 Handelsh\u00f6gskolan. Andra exempel \u00e4r att synligg\u00f6ra och dela olika undervisningsformer f\u00f6r ett studentaktivt l\u00e4rande samt goda exempel fr\u00e5n undervisning online. Vi summerar v\u00e5ra l\u00e4rdomar i det pedagogiska lyftet@Handelsh\u00f6gskolan.<\/p>\n\n\n\n<p><\/p>\n\n\n\n<p><\/p>\n\n\n\n<p><\/p>\n\n\n\n<p><\/p>\n\n\n\n<p><\/p>\n","protected":false},"excerpt":{"rendered":"<p>F\u00f6rfattare: Marie-Therese ChristianssonInstitution\/enhet: Handelsh\u00f6gskolan\u00c4mne: Informatik ABSTRACT Handelsh\u00f6gskolan vid Karlstads universitet blev ackrediterande av AACSB (Association to Advance Collegiate Schools of Business) h\u00f6sten 2021. En stor del av arbetet mot en ackreditering har varit att arbeta med pedagogiska fr\u00e5gor och kompetensutveckling p\u00e5 institutionen i linje med v\u00e5r mission \u201dWe educate responsible professionals and conduct research with [&hellip;]<\/p>\n","protected":false},"author":43,"featured_media":0,"parent":2,"menu_order":0,"comment_status":"closed","ping_status":"closed","template":"","meta":{"footnotes":""},"class_list":["post-62","page","type-page","status-publish","hentry","post","no-featured-image"],"_links":{"self":[{"href":"https:\/\/sola.kau.se\/upekonferens2022\/wp-json\/wp\/v2\/pages\/62","targetHints":{"allow":["GET"]}}],"collection":[{"href":"https:\/\/sola.kau.se\/upekonferens2022\/wp-json\/wp\/v2\/pages"}],"about":[{"href":"https:\/\/sola.kau.se\/upekonferens2022\/wp-json\/wp\/v2\/types\/page"}],"author":[{"embeddable":true,"href":"https:\/\/sola.kau.se\/upekonferens2022\/wp-json\/wp\/v2\/users\/43"}],"replies":[{"embeddable":true,"href":"https:\/\/sola.kau.se\/upekonferens2022\/wp-json\/wp\/v2\/comments?post=62"}],"version-history":[{"count":5,"href":"https:\/\/sola.kau.se\/upekonferens2022\/wp-json\/wp\/v2\/pages\/62\/revisions"}],"predecessor-version":[{"id":560,"href":"https:\/\/sola.kau.se\/upekonferens2022\/wp-json\/wp\/v2\/pages\/62\/revisions\/560"}],"up":[{"embeddable":true,"href":"https:\/\/sola.kau.se\/upekonferens2022\/wp-json\/wp\/v2\/pages\/2"}],"wp:attachment":[{"href":"https:\/\/sola.kau.se\/upekonferens2022\/wp-json\/wp\/v2\/media?parent=62"}],"curies":[{"name":"wp","href":"https:\/\/api.w.org\/{rel}","templated":true}]}}