 {"id":68,"date":"2020-09-08T07:52:30","date_gmt":"2020-09-08T07:52:30","guid":{"rendered":"https:\/\/sola.kau.se\/upekonferens2021\/?page_id=68"},"modified":"2022-08-12T13:28:57","modified_gmt":"2022-08-12T13:28:57","slug":"68-2","status":"publish","type":"page","link":"https:\/\/sola.kau.se\/upekonferens2022\/sample-page\/68-2\/","title":{"rendered":"Utveckling av undervisning f\u00f6r livsl\u00e5ngt l\u00e4rande"},"content":{"rendered":"\n<p><strong>F\u00f6rfattare:<\/strong><a rel=\"noreferrer noopener\" href=\"https:\/\/inslaget.kau.se\/users\/ali-mohammadi\" target=\"_blank\"> <\/a>Charlotta Andersson (1), Pernille K Andersson (2), Carolina Cam\u00e9n (1) och Jenny Karlsson (1)<br><strong>Institution\/enhet<\/strong>: Handelsh\u00f6gskolan (1) och Sociala och psykologiska studier (2), CTF Centrum f\u00f6r tj\u00e4nsteforskning (1, 2)<br><strong>\u00c4mne:<\/strong> F\u00f6retagsekonomi (1) och Psykologi (2)<\/p>\n\n\n\n<h2 class=\"wp-block-heading\">Abstract<\/h2>\n\n\n\n<p>Ideligen st\u00e4lls f\u00f6retag och organisationer inf\u00f6r nya utmaningar och f\u00f6r\u00e4ndringar givet vad som sker i samh\u00e4llet och i v\u00e5r omv\u00e4rld, vilket ocks\u00e5 st\u00e4ller krav p\u00e5 kunskap och kompetens men ocks\u00e5 livsl\u00e5ngt l\u00e4rande. ISE (Improving value creation through service education) \u00e4r ett extern-finansierat innovationsprojekt d\u00e4r flexibla n\u00e4tbaserade kurser p\u00e5 avancerad niv\u00e5 utvecklas f\u00f6r yrkesverksamma och i samverkan med f\u00f6retag\/ organisationer. Projektet p\u00e5g\u00e5r i fem \u00e5r d\u00e4r flera \u00e4mnen och avdelningar \u00e4r involverade f\u00f6r att tillsammans utveckla kurser p\u00e5 avancerad niv\u00e5 kopplade till marknadens behov. Som innovationsprojekt har inga tydliga ramar styrt arbetet vilket m\u00f6jligg\u00f6r kreativitet, nya former av samarbeten och l\u00f6sningar f\u00f6r samverkan inom universitetet och med andra akt\u00f6rer.<\/p>\n\n\n\n<p><br>Genom ISE-projektet och de kurser som utvecklas inom ramen f\u00f6r projektet kan universitetet bidra till det livsl\u00e5nga l\u00e4randet. I presentationen kommer m\u00f6jligheter och utmaningar att presenteras och diskuteras relaterat till utveckling av kurser tillsammans med f\u00f6retag, vad som \u00e4r viktigt f\u00f6r deltagare som inte \u00e4r \u201ctraditionella\u201d grundutbildningsstudenter, b\u00e5de vad<br>g\u00e4ller pedagogik, digitala verktyg och hygienfaktorer s\u00e5som Canvas, delgivande av information, marknadsf\u00f6ring av kurser, interna processer och relationsskapande med deltagarna. Vi kommer ocks\u00e5 att fokusera p\u00e5 hur v\u00e5r egen kompetensutveckling och livsl\u00e5nga l\u00e4rande realiserats givet den \u00f6ppna projektdesignen.<\/p>\n\n\n\n<p><\/p>\n\n\n\n<p><\/p>\n\n\n\n<p><\/p>\n\n\n\n<p><\/p>\n","protected":false},"excerpt":{"rendered":"<p>F\u00f6rfattare: Charlotta Andersson (1), Pernille K Andersson (2), Carolina Cam\u00e9n (1) och Jenny Karlsson (1)Institution\/enhet: Handelsh\u00f6gskolan (1) och Sociala och psykologiska studier (2), CTF Centrum f\u00f6r tj\u00e4nsteforskning (1, 2)\u00c4mne: F\u00f6retagsekonomi (1) och Psykologi (2) Abstract Ideligen st\u00e4lls f\u00f6retag och organisationer inf\u00f6r nya utmaningar och f\u00f6r\u00e4ndringar givet vad som sker i samh\u00e4llet och i v\u00e5r omv\u00e4rld, [&hellip;]<\/p>\n","protected":false},"author":43,"featured_media":0,"parent":2,"menu_order":0,"comment_status":"closed","ping_status":"closed","template":"","meta":{"footnotes":""},"class_list":["post-68","page","type-page","status-publish","hentry","post","no-featured-image"],"_links":{"self":[{"href":"https:\/\/sola.kau.se\/upekonferens2022\/wp-json\/wp\/v2\/pages\/68","targetHints":{"allow":["GET"]}}],"collection":[{"href":"https:\/\/sola.kau.se\/upekonferens2022\/wp-json\/wp\/v2\/pages"}],"about":[{"href":"https:\/\/sola.kau.se\/upekonferens2022\/wp-json\/wp\/v2\/types\/page"}],"author":[{"embeddable":true,"href":"https:\/\/sola.kau.se\/upekonferens2022\/wp-json\/wp\/v2\/users\/43"}],"replies":[{"embeddable":true,"href":"https:\/\/sola.kau.se\/upekonferens2022\/wp-json\/wp\/v2\/comments?post=68"}],"version-history":[{"count":4,"href":"https:\/\/sola.kau.se\/upekonferens2022\/wp-json\/wp\/v2\/pages\/68\/revisions"}],"predecessor-version":[{"id":501,"href":"https:\/\/sola.kau.se\/upekonferens2022\/wp-json\/wp\/v2\/pages\/68\/revisions\/501"}],"up":[{"embeddable":true,"href":"https:\/\/sola.kau.se\/upekonferens2022\/wp-json\/wp\/v2\/pages\/2"}],"wp:attachment":[{"href":"https:\/\/sola.kau.se\/upekonferens2022\/wp-json\/wp\/v2\/media?parent=68"}],"curies":[{"name":"wp","href":"https:\/\/api.w.org\/{rel}","templated":true}]}}